{"id":66,"date":"2025-10-01T09:26:51","date_gmt":"2025-10-01T07:26:51","guid":{"rendered":"https:\/\/demoiasoi.com\/?page_id=66"},"modified":"2025-10-20T12:08:32","modified_gmt":"2025-10-20T10:08:32","slug":"contact","status":"publish","type":"page","link":"https:\/\/demoiasoi.com\/index.php\/contact\/","title":{"rendered":"Contact"},"content":{"rendered":"\n<div class=\"wp-block-cover alignfull has-custom-content-position is-position-top-center has-aspect-ratio\" style=\"margin-top:0;margin-bottom:0;padding-top:0px;padding-right:2.6px;padding-bottom:0px;padding-left:2.6px;min-height:775px;aspect-ratio:auto;min-height:unset;\"><img fetchpriority=\"high\" decoding=\"async\" width=\"1024\" height=\"683\" class=\"wp-block-cover__image-background wp-image-31 size-large\" alt=\"\" src=\"https:\/\/demoiasoi.com\/wp-content\/uploads\/2025\/09\/pexels-cottonbro-9667516-1024x683.jpg\" style=\"object-position:58% 32%\" data-object-fit=\"cover\" data-object-position=\"58% 32%\" srcset=\"https:\/\/demoiasoi.com\/wp-content\/uploads\/2025\/09\/pexels-cottonbro-9667516-1024x683.jpg 1024w, https:\/\/demoiasoi.com\/wp-content\/uploads\/2025\/09\/pexels-cottonbro-9667516-300x200.jpg 300w, https:\/\/demoiasoi.com\/wp-content\/uploads\/2025\/09\/pexels-cottonbro-9667516-768x512.jpg 768w, https:\/\/demoiasoi.com\/wp-content\/uploads\/2025\/09\/pexels-cottonbro-9667516-1536x1024.jpg 1536w, https:\/\/demoiasoi.com\/wp-content\/uploads\/2025\/09\/pexels-cottonbro-9667516-2048x1365.jpg 2048w\" sizes=\"(max-width: 1024px) 100vw, 1024px\" \/><span aria-hidden=\"true\" class=\"wp-block-cover__background has-black-background-color has-background-dim\"><\/span><div class=\"wp-block-cover__inner-container has-global-padding is-layout-constrained wp-container-core-cover-is-layout-f33190fd wp-block-cover-is-layout-constrained\">\n<div style=\"height:100px\" aria-hidden=\"true\" class=\"wp-block-spacer\"><\/div>\n\n\n\n<h1 class=\"wp-block-heading\">Contact<\/h1>\n\n\n\n<div style=\"height:100px\" aria-hidden=\"true\" class=\"wp-block-spacer\"><\/div>\n<\/div><\/div>\n\n\n\n<div class=\"wp-block-group alignfull has-background-background-color has-background has-global-padding is-layout-constrained wp-block-group-is-layout-constrained\" style=\"margin-top:0px;margin-bottom:0px;padding-top:var(--wp--preset--spacing--xx-large);padding-bottom:var(--wp--preset--spacing--xx-large)\">\n<div class=\"wp-block-group alignwide is-layout-flow wp-block-group-is-layout-flow\">\n<div class=\"wp-block-columns is-layout-flex wp-container-core-columns-is-layout-28f84493 wp-block-columns-is-layout-flex\">\n<div class=\"wp-block-column is-layout-flow wp-block-column-is-layout-flow\">\n<h2 class=\"wp-block-heading has-x-large-font-size\" style=\"margin-top:0.25rem\">Me contacter<\/h2>\n\n\n\n<p>Je suis l\u00e0, pr\u00eate \u00e0 accueillir votre histoire et vous aider \u00e0 retrouver votre \u00e9quilibre int\u00e9rieur et votre libert\u00e9 d&rsquo;\u00eatre.<br>Vous pouvez \u00e9galement me contacter : <\/p>\n\n\n\n<ul class=\"wp-block-list\">\n<li>\ud83d\udcf1par t\u00e9l\u00e9phone au 06 69 69 49 06<\/li>\n\n\n\n<li> \ud83d\udce7 par e-mail \u00e0 l&rsquo;adresse <a href=\"mailto:lemaissin@gmail.com\">lemaissin@gmail.com<\/a><\/li>\n<\/ul>\n<\/div>\n<\/div>\n<\/div>\n<\/div>\n\n\n<div class=\"frm_forms  with_frm_style frm_style_style-formidable\" id=\"frm_form_2_container\" data-token=\"f28a6b2bc847bea737c291decd3e803f\">\n<form enctype=\"multipart\/form-data\" method=\"post\" class=\"frm-show-form \" id=\"form_contact-de-moi-a-soi\" data-token=\"f28a6b2bc847bea737c291decd3e803f\">\n<div class=\"frm_form_fields \">\n<fieldset>\n<legend class=\"frm_screen_reader\">Contact &#8211; De Moi \u00e0 Soi<\/legend>\r\n\r\n<div class=\"frm_fields_container\">\n<input type=\"hidden\" name=\"frm_action\" value=\"create\" \/>\n<input type=\"hidden\" name=\"form_id\" value=\"2\" \/>\n<input type=\"hidden\" name=\"frm_hide_fields_2\" id=\"frm_hide_fields_2\" value=\"\" \/>\n<input type=\"hidden\" name=\"form_key\" value=\"contact-de-moi-a-soi\" \/>\n<input type=\"hidden\" name=\"item_meta[0]\" value=\"\" \/>\n<input type=\"hidden\" id=\"frm_submit_entry_2\" name=\"frm_submit_entry_2\" value=\"f89e3c7684\" \/><input type=\"hidden\" name=\"_wp_http_referer\" value=\"\/index.php\/wp-json\/wp\/v2\/pages\/66\" \/><div id=\"frm_field_8_container\" class=\"frm_form_field form-field  frm_required_field frm_top_container frm6 frm_first\">\r\n\t<label for=\"field_yilul\" id=\"field_yilul_label\" class=\"frm_primary_label\">Pr\u00e9nom\r\n\t\t<span class=\"frm_required\" aria-hidden=\"true\">*<\/span>\r\n\t<\/label>\r\n\t<input type=\"text\" id=\"field_yilul\" name=\"item_meta[8]\" value=\"\"  data-reqmsg=\"Pr\u00e9nom ne peut pas \u00eatre vide.\" aria-required=\"true\" data-invmsg=\"Pr\u00e9nom est non valide\" aria-invalid=\"false\"  \/>\r\n\t\r\n\t\r\n<\/div>\n<div id=\"frm_field_9_container\" class=\"frm_form_field form-field  frm_required_field frm_top_container frm6\">\r\n\t<label for=\"field_u9kdp\" id=\"field_u9kdp_label\" class=\"frm_primary_label\">Nom\r\n\t\t<span class=\"frm_required\" aria-hidden=\"true\">*<\/span>\r\n\t<\/label>\r\n\t<input type=\"text\" id=\"field_u9kdp\" name=\"item_meta[9]\" value=\"\"  data-reqmsg=\"Nom ne peut pas \u00eatre vide.\" aria-required=\"true\" data-invmsg=\"Nom est non valide\" aria-invalid=\"false\"  \/>\r\n\t\r\n\t\r\n<\/div>\n<div id=\"frm_field_10_container\" class=\"frm_form_field form-field  frm_required_field frm_top_container\">\r\n\t<label for=\"field_cqafg\" id=\"field_cqafg_label\" class=\"frm_primary_label\">E-mail\r\n\t\t<span class=\"frm_required\" aria-hidden=\"true\">*<\/span>\r\n\t<\/label>\r\n\t<input type=\"email\" id=\"field_cqafg\" name=\"item_meta[10]\" value=\"\"  data-reqmsg=\"E-mail ne peut pas \u00eatre vide.\" aria-required=\"true\" data-invmsg=\"E-mail est non valide\" aria-invalid=\"false\"  \/>\r\n\t\r\n\t\r\n<\/div>\n<div id=\"frm_field_12_container\" class=\"frm_form_field form-field  frm_top_container\">\r\n\t<label for=\"field_boo5t\" id=\"field_boo5t_label\" class=\"frm_primary_label\">T\u00e9l\u00e9phone\r\n\t\t<span class=\"frm_required\" aria-hidden=\"true\"><\/span>\r\n\t<\/label>\r\n\t<input type=\"tel\" id=\"field_boo5t\" name=\"item_meta[12]\" value=\"\"  data-invmsg=\"T\u00e9l\u00e9phone est non valide\" aria-invalid=\"false\" pattern=\"((\\+\\d{1,3}(-|.| )?\\(?\\d\\)?(-| |.)?\\d{1,5})|(\\(?\\d{2,6}\\)?))(-|.| )?(\\d{3,4})(-|.| )?(\\d{4})(( x| ext)\\d{1,5}){0,1}$\"  \/>\r\n\t\r\n\t\r\n<\/div>\n<div id=\"frm_field_11_container\" class=\"frm_form_field form-field  frm_required_field frm_top_container\">\r\n\t<label for=\"field_cbcm8\" id=\"field_cbcm8_label\" class=\"frm_primary_label\">Sujet\r\n\t\t<span class=\"frm_required\" aria-hidden=\"true\">*<\/span>\r\n\t<\/label>\r\n\t<input type=\"text\" id=\"field_cbcm8\" name=\"item_meta[11]\" value=\"\"  data-reqmsg=\"Sujet ne peut pas \u00eatre vide.\" aria-required=\"true\" data-invmsg=\"Sujet est non valide\" aria-invalid=\"false\"  \/>\r\n\t\r\n\t\r\n<\/div>\n<div id=\"frm_field_13_container\" class=\"frm_form_field form-field  frm_required_field frm_top_container\">\r\n\t<label for=\"field_icd6e\" id=\"field_icd6e_label\" class=\"frm_primary_label\">Message\r\n\t\t<span class=\"frm_required\" aria-hidden=\"true\">*<\/span>\r\n\t<\/label>\r\n\t<textarea name=\"item_meta[13]\" id=\"field_icd6e\" rows=\"5\"  data-reqmsg=\"Message ne peut pas \u00eatre vide.\" aria-required=\"true\" data-invmsg=\"Message est non valide\" aria-invalid=\"false\"  ><\/textarea>\r\n\t\r\n\t\r\n<\/div>\n<div id=\"frm_field_14_container\" class=\"frm_form_field form-field  frm_required_field frm_top_container vertical_radio\">\n\t<div  id=\"field_y5asy_label\" class=\"frm_primary_label\">Politique de confidentialit\u00e9\n\t\t<span class=\"frm_required\" aria-hidden=\"true\">*<\/span>\n\t<\/div>\n\t<div class=\"frm_opt_container\" aria-labelledby=\"field_y5asy_label\" role=\"group\">\t\t<div class=\"frm_checkbox\" id=\"frm_checkbox_14-0\">\t\t\t<label  for=\"field_y5asy-0\">\n\t\t\t<input type=\"checkbox\" name=\"item_meta[14][]\" id=\"field_y5asy-0\" value=\"J\u2019accepte que les informations saisies soient utilis\u00e9es pour me recontacter.\"  data-reqmsg=\"Politique de confidentialit\u00e9 ne peut pas \u00eatre vide.\" data-invmsg=\"Politique de confidentialit\u00e9 est non valide\" aria-invalid=\"false\"   aria-required=\"true\"  \/> J\u2019accepte que les informations saisies soient utilis\u00e9es pour me recontacter.<\/label><\/div>\n<\/div>\n\t\n\t\n<\/div>\n<div id=\"frm_field_6_container\" class=\"frm_form_field form-field \">\r\n\t<div class=\"frm_submit frm_flex\">\r\n<button class=\"frm_button_submit\" type=\"submit\"  >Soumettre \u2192<\/button>\r\n\r\n\r\n\r\n<\/div>\r\n<\/div>\n\t<input type=\"hidden\" name=\"item_key\" value=\"\" \/>\n\t\t\t<div id=\"frm_field_15_container\">\n\t\t\t<label for=\"field_3jsn4\" >\n\t\t\t\tSi vous \u00eates un humain, ne remplissez pas ce champ.\t\t\t<\/label>\n\t\t\t<input  id=\"field_3jsn4\" type=\"text\" class=\"frm_form_field form-field frm_verify\" name=\"item_meta[15]\" value=\"\"  \/>\n\t\t<\/div>\n\t\t<input name=\"frm_state\" type=\"hidden\" value=\"9U7Vqdv1eCW2HNbVwjLrvvkXXLvN4zetKvWmyNq9UDE=\" \/><\/div>\n<\/fieldset>\n<\/div>\n\n<\/form>\n<\/div>\n\n\n\n<div style=\"height:85px\" aria-hidden=\"true\" class=\"wp-block-spacer\"><\/div>\n","protected":false},"excerpt":{"rendered":"<p>Me contacter Je suis l\u00e0, pr\u00eate \u00e0 accueillir votre histoire et vous aider \u00e0 retrouver votre \u00e9quilibre int\u00e9rieur et votre libert\u00e9 d&rsquo;\u00eatre.Vous pouvez \u00e9galement me contacter :<\/p>\n","protected":false},"author":1,"featured_media":0,"parent":0,"menu_order":0,"comment_status":"closed","ping_status":"closed","template":"no-title-space","meta":{"footnotes":""},"class_list":["post-66","page","type-page","status-publish","hentry"],"yoast_head":"<!-- This site is optimized with the Yoast SEO plugin v26.0 - https:\/\/yoast.com\/wordpress\/plugins\/seo\/ -->\n<title>Contact - De Moi \u00e0 Soi<\/title>\n<meta name=\"robots\" content=\"index, follow, max-snippet:-1, max-image-preview:large, max-video-preview:-1\" \/>\n<link rel=\"canonical\" href=\"https:\/\/demoiasoi.com\/index.php\/contact\/\" \/>\n<meta property=\"og:locale\" content=\"fr_FR\" \/>\n<meta property=\"og:type\" content=\"article\" \/>\n<meta property=\"og:title\" content=\"Contact - De Moi \u00e0 Soi\" \/>\n<meta property=\"og:description\" content=\"Me contacter Je suis l\u00e0, pr\u00eate \u00e0 accueillir votre histoire et vous aider \u00e0 retrouver votre \u00e9quilibre int\u00e9rieur et votre libert\u00e9 d&rsquo;\u00eatre.Vous pouvez \u00e9galement me contacter :\" \/>\n<meta property=\"og:url\" content=\"https:\/\/demoiasoi.com\/index.php\/contact\/\" \/>\n<meta property=\"og:site_name\" content=\"De Moi \u00e0 Soi\" \/>\n<meta property=\"article:modified_time\" content=\"2025-10-20T10:08:32+00:00\" \/>\n<meta property=\"og:image\" content=\"https:\/\/demoiasoi.com\/wp-content\/uploads\/2025\/09\/pexels-cottonbro-9667516-scaled.jpg\" \/>\n\t<meta property=\"og:image:width\" content=\"2560\" \/>\n\t<meta property=\"og:image:height\" content=\"1706\" \/>\n\t<meta property=\"og:image:type\" content=\"image\/jpeg\" \/>\n<meta name=\"twitter:card\" content=\"summary_large_image\" \/>\n<meta name=\"twitter:label1\" content=\"Dur\u00e9e de lecture estim\u00e9e\" \/>\n\t<meta name=\"twitter:data1\" content=\"1 minute\" \/>\n<script type=\"application\/ld+json\" class=\"yoast-schema-graph\">{\"@context\":\"https:\/\/schema.org\",\"@graph\":[{\"@type\":\"WebPage\",\"@id\":\"https:\/\/demoiasoi.com\/index.php\/contact\/\",\"url\":\"https:\/\/demoiasoi.com\/index.php\/contact\/\",\"name\":\"Contact - De Moi \u00e0 Soi\",\"isPartOf\":{\"@id\":\"https:\/\/demoiasoi.com\/#website\"},\"primaryImageOfPage\":{\"@id\":\"https:\/\/demoiasoi.com\/index.php\/contact\/#primaryimage\"},\"image\":{\"@id\":\"https:\/\/demoiasoi.com\/index.php\/contact\/#primaryimage\"},\"thumbnailUrl\":\"https:\/\/demoiasoi.com\/wp-content\/uploads\/2025\/09\/pexels-cottonbro-9667516-1024x683.jpg\",\"datePublished\":\"2025-10-01T07:26:51+00:00\",\"dateModified\":\"2025-10-20T10:08:32+00:00\",\"breadcrumb\":{\"@id\":\"https:\/\/demoiasoi.com\/index.php\/contact\/#breadcrumb\"},\"inLanguage\":\"fr-FR\",\"potentialAction\":[{\"@type\":\"ReadAction\",\"target\":[\"https:\/\/demoiasoi.com\/index.php\/contact\/\"]}]},{\"@type\":\"ImageObject\",\"inLanguage\":\"fr-FR\",\"@id\":\"https:\/\/demoiasoi.com\/index.php\/contact\/#primaryimage\",\"url\":\"https:\/\/demoiasoi.com\/wp-content\/uploads\/2025\/09\/pexels-cottonbro-9667516-scaled.jpg\",\"contentUrl\":\"https:\/\/demoiasoi.com\/wp-content\/uploads\/2025\/09\/pexels-cottonbro-9667516-scaled.jpg\",\"width\":2560,\"height\":1706},{\"@type\":\"BreadcrumbList\",\"@id\":\"https:\/\/demoiasoi.com\/index.php\/contact\/#breadcrumb\",\"itemListElement\":[{\"@type\":\"ListItem\",\"position\":1,\"name\":\"Accueil\",\"item\":\"https:\/\/demoiasoi.com\/\"},{\"@type\":\"ListItem\",\"position\":2,\"name\":\"Contact\"}]},{\"@type\":\"WebSite\",\"@id\":\"https:\/\/demoiasoi.com\/#website\",\"url\":\"https:\/\/demoiasoi.com\/\",\"name\":\"De Moi \u00e0 Soi\",\"description\":\"\",\"publisher\":{\"@id\":\"https:\/\/demoiasoi.com\/#organization\"},\"potentialAction\":[{\"@type\":\"SearchAction\",\"target\":{\"@type\":\"EntryPoint\",\"urlTemplate\":\"https:\/\/demoiasoi.com\/?s={search_term_string}\"},\"query-input\":{\"@type\":\"PropertyValueSpecification\",\"valueRequired\":true,\"valueName\":\"search_term_string\"}}],\"inLanguage\":\"fr-FR\"},{\"@type\":\"Organization\",\"@id\":\"https:\/\/demoiasoi.com\/#organization\",\"name\":\"De Moi \u00e0 Soi\",\"url\":\"https:\/\/demoiasoi.com\/\",\"logo\":{\"@type\":\"ImageObject\",\"inLanguage\":\"fr-FR\",\"@id\":\"https:\/\/demoiasoi.com\/#\/schema\/logo\/image\/\",\"url\":\"https:\/\/demoiasoi.com\/wp-content\/uploads\/2025\/09\/Inspi-logoVF.png\",\"contentUrl\":\"https:\/\/demoiasoi.com\/wp-content\/uploads\/2025\/09\/Inspi-logoVF.png\",\"width\":470,\"height\":530,\"caption\":\"De Moi \u00e0 Soi\"},\"image\":{\"@id\":\"https:\/\/demoiasoi.com\/#\/schema\/logo\/image\/\"}}]}<\/script>\n<!-- \/ Yoast SEO plugin. -->","yoast_head_json":{"title":"Contact - De Moi \u00e0 Soi","robots":{"index":"index","follow":"follow","max-snippet":"max-snippet:-1","max-image-preview":"max-image-preview:large","max-video-preview":"max-video-preview:-1"},"canonical":"https:\/\/demoiasoi.com\/index.php\/contact\/","og_locale":"fr_FR","og_type":"article","og_title":"Contact - De Moi \u00e0 Soi","og_description":"Me contacter Je suis l\u00e0, pr\u00eate \u00e0 accueillir votre histoire et vous aider \u00e0 retrouver votre \u00e9quilibre int\u00e9rieur et votre libert\u00e9 d&rsquo;\u00eatre.Vous pouvez \u00e9galement me contacter :","og_url":"https:\/\/demoiasoi.com\/index.php\/contact\/","og_site_name":"De Moi \u00e0 Soi","article_modified_time":"2025-10-20T10:08:32+00:00","og_image":[{"width":2560,"height":1706,"url":"https:\/\/demoiasoi.com\/wp-content\/uploads\/2025\/09\/pexels-cottonbro-9667516-scaled.jpg","type":"image\/jpeg"}],"twitter_card":"summary_large_image","twitter_misc":{"Dur\u00e9e de lecture estim\u00e9e":"1 minute"},"schema":{"@context":"https:\/\/schema.org","@graph":[{"@type":"WebPage","@id":"https:\/\/demoiasoi.com\/index.php\/contact\/","url":"https:\/\/demoiasoi.com\/index.php\/contact\/","name":"Contact - De Moi \u00e0 Soi","isPartOf":{"@id":"https:\/\/demoiasoi.com\/#website"},"primaryImageOfPage":{"@id":"https:\/\/demoiasoi.com\/index.php\/contact\/#primaryimage"},"image":{"@id":"https:\/\/demoiasoi.com\/index.php\/contact\/#primaryimage"},"thumbnailUrl":"https:\/\/demoiasoi.com\/wp-content\/uploads\/2025\/09\/pexels-cottonbro-9667516-1024x683.jpg","datePublished":"2025-10-01T07:26:51+00:00","dateModified":"2025-10-20T10:08:32+00:00","breadcrumb":{"@id":"https:\/\/demoiasoi.com\/index.php\/contact\/#breadcrumb"},"inLanguage":"fr-FR","potentialAction":[{"@type":"ReadAction","target":["https:\/\/demoiasoi.com\/index.php\/contact\/"]}]},{"@type":"ImageObject","inLanguage":"fr-FR","@id":"https:\/\/demoiasoi.com\/index.php\/contact\/#primaryimage","url":"https:\/\/demoiasoi.com\/wp-content\/uploads\/2025\/09\/pexels-cottonbro-9667516-scaled.jpg","contentUrl":"https:\/\/demoiasoi.com\/wp-content\/uploads\/2025\/09\/pexels-cottonbro-9667516-scaled.jpg","width":2560,"height":1706},{"@type":"BreadcrumbList","@id":"https:\/\/demoiasoi.com\/index.php\/contact\/#breadcrumb","itemListElement":[{"@type":"ListItem","position":1,"name":"Accueil","item":"https:\/\/demoiasoi.com\/"},{"@type":"ListItem","position":2,"name":"Contact"}]},{"@type":"WebSite","@id":"https:\/\/demoiasoi.com\/#website","url":"https:\/\/demoiasoi.com\/","name":"De Moi \u00e0 Soi","description":"","publisher":{"@id":"https:\/\/demoiasoi.com\/#organization"},"potentialAction":[{"@type":"SearchAction","target":{"@type":"EntryPoint","urlTemplate":"https:\/\/demoiasoi.com\/?s={search_term_string}"},"query-input":{"@type":"PropertyValueSpecification","valueRequired":true,"valueName":"search_term_string"}}],"inLanguage":"fr-FR"},{"@type":"Organization","@id":"https:\/\/demoiasoi.com\/#organization","name":"De Moi \u00e0 Soi","url":"https:\/\/demoiasoi.com\/","logo":{"@type":"ImageObject","inLanguage":"fr-FR","@id":"https:\/\/demoiasoi.com\/#\/schema\/logo\/image\/","url":"https:\/\/demoiasoi.com\/wp-content\/uploads\/2025\/09\/Inspi-logoVF.png","contentUrl":"https:\/\/demoiasoi.com\/wp-content\/uploads\/2025\/09\/Inspi-logoVF.png","width":470,"height":530,"caption":"De Moi \u00e0 Soi"},"image":{"@id":"https:\/\/demoiasoi.com\/#\/schema\/logo\/image\/"}}]}},"_links":{"self":[{"href":"https:\/\/demoiasoi.com\/index.php\/wp-json\/wp\/v2\/pages\/66","targetHints":{"allow":["GET"]}}],"collection":[{"href":"https:\/\/demoiasoi.com\/index.php\/wp-json\/wp\/v2\/pages"}],"about":[{"href":"https:\/\/demoiasoi.com\/index.php\/wp-json\/wp\/v2\/types\/page"}],"author":[{"embeddable":true,"href":"https:\/\/demoiasoi.com\/index.php\/wp-json\/wp\/v2\/users\/1"}],"replies":[{"embeddable":true,"href":"https:\/\/demoiasoi.com\/index.php\/wp-json\/wp\/v2\/comments?post=66"}],"version-history":[{"count":16,"href":"https:\/\/demoiasoi.com\/index.php\/wp-json\/wp\/v2\/pages\/66\/revisions"}],"predecessor-version":[{"id":320,"href":"https:\/\/demoiasoi.com\/index.php\/wp-json\/wp\/v2\/pages\/66\/revisions\/320"}],"wp:attachment":[{"href":"https:\/\/demoiasoi.com\/index.php\/wp-json\/wp\/v2\/media?parent=66"}],"curies":[{"name":"wp","href":"https:\/\/api.w.org\/{rel}","templated":true}]}}