{"id":64,"date":"2025-10-01T09:26:29","date_gmt":"2025-10-01T07:26:29","guid":{"rendered":"https:\/\/demoiasoi.com\/?page_id=64"},"modified":"2025-10-13T17:07:23","modified_gmt":"2025-10-13T15:07:23","slug":"manager-et-federer-en-harmonie","status":"publish","type":"page","link":"https:\/\/demoiasoi.com\/index.php\/manager-et-federer-en-harmonie\/","title":{"rendered":"Manager et f\u00e9d\u00e9rer en harmonie"},"content":{"rendered":"\n<div class=\"wp-block-cover alignfull has-custom-content-position is-position-top-center has-aspect-ratio\" style=\"margin-top:0;margin-bottom:0;padding-top:0px;padding-right:2.6px;padding-bottom:0px;padding-left:2.6px;min-height:775px;aspect-ratio:auto;min-height:unset;\"><img fetchpriority=\"high\" decoding=\"async\" width=\"1024\" height=\"640\" class=\"wp-block-cover__image-background wp-image-307 size-large\" alt=\"Manager et f\u00e9d\u00e9rer en harmonie\n\" src=\"https:\/\/demoiasoi.com\/wp-content\/uploads\/2025\/10\/Manager-et-federer-en-harmonie--1024x640.jpg\" style=\"object-position:44% 51%\" data-object-fit=\"cover\" data-object-position=\"44% 51%\" srcset=\"https:\/\/demoiasoi.com\/wp-content\/uploads\/2025\/10\/Manager-et-federer-en-harmonie--1024x640.jpg 1024w, https:\/\/demoiasoi.com\/wp-content\/uploads\/2025\/10\/Manager-et-federer-en-harmonie--300x188.jpg 300w, https:\/\/demoiasoi.com\/wp-content\/uploads\/2025\/10\/Manager-et-federer-en-harmonie--768x480.jpg 768w, https:\/\/demoiasoi.com\/wp-content\/uploads\/2025\/10\/Manager-et-federer-en-harmonie-.jpg 1280w\" sizes=\"(max-width: 1024px) 100vw, 1024px\" \/><span aria-hidden=\"true\" class=\"wp-block-cover__background has-black-background-color has-background-dim\"><\/span><div class=\"wp-block-cover__inner-container has-global-padding is-layout-constrained wp-container-core-cover-is-layout-f33190fd wp-block-cover-is-layout-constrained\">\n<div style=\"height:100px\" aria-hidden=\"true\" class=\"wp-block-spacer\"><\/div>\n\n\n\n<h1 class=\"wp-block-heading\">Manager et f\u00e9d\u00e9rer en harmonie<\/h1>\n\n\n\n<div style=\"height:100px\" aria-hidden=\"true\" class=\"wp-block-spacer\"><\/div>\n<\/div><\/div>\n\n\n\n<div class=\"wp-block-group alignfull has-background-background-color has-background has-global-padding is-layout-constrained wp-block-group-is-layout-constrained\" style=\"margin-top:0px;margin-bottom:0px;padding-top:var(--wp--preset--spacing--xx-large);padding-bottom:var(--wp--preset--spacing--xx-large)\">\n<div class=\"wp-block-group alignwide is-layout-flow wp-block-group-is-layout-flow\">\n<div class=\"wp-block-columns is-layout-flex wp-container-core-columns-is-layout-28f84493 wp-block-columns-is-layout-flex\">\n<div class=\"wp-block-column is-layout-flow wp-block-column-is-layout-flow\">\n<p class=\"has-primary-color has-text-color has-base-font-size\">L\u2019atelier professionnel \u00ab&nbsp;Manager et f\u00e9d\u00e9rer en harmonie&nbsp;\u00bb<\/p>\n\n\n\n<h2 class=\"wp-block-heading has-x-large-font-size\" style=\"margin-top:0.25rem\">Qu&rsquo;est-ce que c&rsquo;est \u00ab&nbsp;Manager et f\u00e9d\u00e9rer en harmonie&nbsp;\u00bb ?<\/h2>\n<\/div>\n\n\n\n<div class=\"wp-block-column is-layout-flow wp-block-column-is-layout-flow\">\n<p>L\u2019atelier est ax\u00e9 sur les structures de caract\u00e8res ainsi que la compr\u00e9hension des sch\u00e9mas automatiques. Ce qui peut grandement aider votre \u00e9quipe \u00e0 atteindre une s\u00e9r\u00e9nit\u00e9 individuelle et collective.&nbsp; Ces ateliers visent \u00e0 appr\u00e9hender les croyances limitantes qui fa\u00e7onnent les r\u00e9actions et d\u00e9cisions de chaque acteur. En apportant de la pleine conscience et du Verbe, les croyances limitantes deviennent alors des pens\u00e9es aidantes. Les modules sont structur\u00e9s et sont con\u00e7us pour \u00eatre interactifs et introspectifs.<br><br>Dur\u00e9e&nbsp;: ajustable en fonction de la taille de l\u2019\u00e9quipe et la profondeur souhait\u00e9e.<\/p>\n<\/div>\n<\/div>\n<\/div>\n<\/div>\n\n\n\n<div class=\"wp-block-group alignfull has-tertiary-background-color has-background has-global-padding is-layout-constrained wp-block-group-is-layout-constrained\" style=\"margin-top:0px;margin-bottom:0px;padding-top:var(--wp--preset--spacing--xx-large);padding-bottom:var(--wp--preset--spacing--xx-large)\">\n<div class=\"wp-block-group alignwide is-layout-flow wp-block-group-is-layout-flow\" style=\"padding-bottom:var(--wp--preset--spacing--medium)\">\n<div class=\"wp-block-columns are-vertically-aligned-bottom is-layout-flex wp-container-core-columns-is-layout-28f84493 wp-block-columns-is-layout-flex\">\n<div class=\"wp-block-column is-vertically-aligned-bottom is-layout-flow wp-block-column-is-layout-flow\">\n<p class=\"has-primary-color has-text-color has-base-font-size\">Services aux professionnels<\/p>\n\n\n\n<h2 class=\"wp-block-heading has-x-large-font-size\" style=\"margin-top:0.25rem\">Les objectifs<\/h2>\n<\/div>\n\n\n\n<div class=\"wp-block-column is-vertically-aligned-bottom is-layout-flow wp-block-column-is-layout-flow\">\n<p style=\"margin-bottom:0.65rem\">Avec l\u2019atelier \u00ab&nbsp;Manager et f\u00e9d\u00e9rer en harmonie&nbsp;&nbsp;\u00bb, vous atteindrez 5 objectifs pour atteindre une s\u00e9r\u00e9nit\u00e9 individuelle et collective.<\/p>\n<\/div>\n<\/div>\n<\/div>\n\n\n\n<div class=\"wp-block-group alignwide is-layout-flow wp-block-group-is-layout-flow\">\n<div class=\"wp-block-columns is-layout-flex wp-container-core-columns-is-layout-f619a8c7 wp-block-columns-is-layout-flex\">\n<div class=\"wp-block-column is-layout-flow wp-block-column-is-layout-flow\">\n<div class=\"wp-block-group has-background-background-color has-background has-global-padding is-layout-constrained wp-container-core-group-is-layout-4d32cd85 wp-block-group-is-layout-constrained\" style=\"border-radius:10px;min-height:100%;padding-top:var(--wp--preset--spacing--large);padding-right:var(--wp--preset--spacing--large);padding-bottom:var(--wp--preset--spacing--large);padding-left:var(--wp--preset--spacing--large)\">\n<h2 class=\"wp-block-heading has-medium-font-size\" style=\"margin-top:var(--wp--preset--spacing--xx-small);font-style:normal;font-weight:600\">#1<\/h2>\n\n\n\n<p style=\"margin-top:var(--wp--preset--spacing--small)\">Identifier les structures de caract\u00e8re dominantes et les \u00e9motions au sein de son \u00e9quipe.<\/p>\n<\/div>\n<\/div>\n\n\n\n<div class=\"wp-block-column is-layout-flow wp-block-column-is-layout-flow\">\n<div class=\"wp-block-group has-background-background-color has-background has-global-padding is-layout-constrained wp-container-core-group-is-layout-4d32cd85 wp-block-group-is-layout-constrained\" style=\"border-radius:10px;min-height:100%;padding-top:var(--wp--preset--spacing--large);padding-right:var(--wp--preset--spacing--large);padding-bottom:var(--wp--preset--spacing--large);padding-left:var(--wp--preset--spacing--large)\">\n<h2 class=\"wp-block-heading has-medium-font-size\" style=\"margin-top:var(--wp--preset--spacing--xx-small);font-style:normal;font-weight:600\">#2<\/h2>\n\n\n\n<p style=\"margin-top:var(--wp--preset--spacing--small)\">Comprendre comment ces structures influencent la dynamique de l&rsquo;\u00e9quipe, la motivation et la performance individuelle.<\/p>\n<\/div>\n<\/div>\n\n\n\n<div class=\"wp-block-column is-layout-flow wp-block-column-is-layout-flow\">\n<div class=\"wp-block-group has-background-background-color has-background has-global-padding is-layout-constrained wp-container-core-group-is-layout-4d32cd85 wp-block-group-is-layout-constrained\" style=\"border-radius:10px;min-height:100%;padding-top:var(--wp--preset--spacing--large);padding-right:var(--wp--preset--spacing--large);padding-bottom:var(--wp--preset--spacing--large);padding-left:var(--wp--preset--spacing--large)\">\n<h2 class=\"wp-block-heading has-medium-font-size\" style=\"margin-top:var(--wp--preset--spacing--xx-small);font-style:normal;font-weight:600\">#3<\/h2>\n\n\n\n<p style=\"margin-top:var(--wp--preset--spacing--small)\">D\u00e9velopper des outils pour d\u00e9samorcer les conflits, g\u00e9rer les r\u00e9sistances et optimiser la collaboration.<\/p>\n<\/div>\n<\/div>\n\n\n\n<div class=\"wp-block-column is-layout-flow wp-block-column-is-layout-flow\">\n<div class=\"wp-block-group has-background-background-color has-background has-global-padding is-layout-constrained wp-container-core-group-is-layout-4d32cd85 wp-block-group-is-layout-constrained\" style=\"border-radius:10px;min-height:100%;padding-top:var(--wp--preset--spacing--large);padding-right:var(--wp--preset--spacing--large);padding-bottom:var(--wp--preset--spacing--large);padding-left:var(--wp--preset--spacing--large)\">\n<h2 class=\"wp-block-heading has-medium-font-size\" style=\"margin-top:var(--wp--preset--spacing--xx-small);font-style:normal;font-weight:600\">#4<\/h2>\n\n\n\n<p style=\"margin-top:var(--wp--preset--spacing--small)\">Favoriser un environnement de travail o\u00f9 chacun peut exprimer son potentiel. Climat de travail plus sain, productivit\u00e9 accrue et r\u00e9duction du turnover.<\/p>\n<\/div>\n<\/div>\n<\/div>\n<\/div>\n\n\n\n<div class=\"wp-block-group has-background-background-color has-background has-global-padding is-layout-constrained wp-container-core-group-is-layout-4d32cd85 wp-block-group-is-layout-constrained\" style=\"border-radius:10px;min-height:100%;padding-top:var(--wp--preset--spacing--large);padding-right:var(--wp--preset--spacing--large);padding-bottom:var(--wp--preset--spacing--large);padding-left:var(--wp--preset--spacing--large)\">\n<h2 class=\"wp-block-heading has-medium-font-size\" style=\"margin-top:var(--wp--preset--spacing--xx-small);font-style:normal;font-weight:600\">#5<br><\/h2>\n\n\n\n<p>Apprendre les techniques de pleine conscience pour observer et d\u00e9sengager les croyances limitantes et les automatismes. Adapter son style de management pour mieux accompagner ses collaborateurs en fonction de leurs sch\u00e9mas automatiques pour un leadership efficace et une augmentation de la performance.<\/p>\n<\/div>\n<\/div>\n\n\n\n<div class=\"wp-block-group alignfull has-background-background-color has-background has-global-padding is-layout-constrained wp-block-group-is-layout-constrained\" style=\"margin-top:0px;margin-bottom:0px;padding-top:var(--wp--preset--spacing--xx-large);padding-bottom:var(--wp--preset--spacing--xx-large)\">\n<div class=\"wp-block-group alignwide is-layout-flow wp-container-core-group-is-layout-d6743c7d wp-block-group-is-layout-flow\">\n<h2 class=\"wp-block-heading has-text-align-center has-x-large-font-size\">Contact<\/h2>\n\n\n\n<div class=\"wp-block-columns is-layout-flex wp-container-core-columns-is-layout-28f84493 wp-block-columns-is-layout-flex\">\n<div class=\"wp-block-column is-layout-flow wp-block-column-is-layout-flow\"><\/div>\n\n\n\n<div class=\"wp-block-column is-layout-flow wp-block-column-is-layout-flow\" style=\"flex-basis:720px\">\n<p class=\"has-text-align-center\" style=\"margin-top:var(--wp--preset--spacing--small)\">Parce que les soins ost\u00e9ofluidiques sont avant tout une aventure humaine, je reste \u00e0 votre disposition pour vous guider dans cette d\u00e9marche, Du Moi \u00e0 Soi.<\/p>\n\n\n\n<div class=\"wp-block-buttons is-content-justification-center is-layout-flex wp-container-core-buttons-is-layout-2af897fb wp-block-buttons-is-layout-flex\" style=\"margin-top:var(--wp--preset--spacing--medium)\">\n<div class=\"wp-block-button is-style-outline is-style-outline--1\"><a class=\"wp-block-button__link wp-element-button\" href=\"https:\/\/demoiasoi.com\/index.php\/contact\/\">Contact \u2192<\/a><\/div>\n<\/div>\n<\/div>\n\n\n\n<div class=\"wp-block-column is-layout-flow wp-block-column-is-layout-flow\"><\/div>\n<\/div>\n<\/div>\n<\/div>\n","protected":false},"excerpt":{"rendered":"<p>L\u2019atelier professionnel \u00ab&nbsp;Manager et f\u00e9d\u00e9rer en harmonie&nbsp;\u00bb Qu&rsquo;est-ce que c&rsquo;est \u00ab&nbsp;Manager et f\u00e9d\u00e9rer en harmonie&nbsp;\u00bb ? L\u2019atelier est ax\u00e9 sur les structures de caract\u00e8res ainsi que la compr\u00e9hension des sch\u00e9mas automatiques. Ce qui peut grandement aider votre \u00e9quipe \u00e0 atteindre une s\u00e9r\u00e9nit\u00e9 individuelle et collective.&nbsp; Ces ateliers visent \u00e0 appr\u00e9hender les croyances limitantes qui fa\u00e7onnent [&hellip;]<\/p>\n","protected":false},"author":1,"featured_media":0,"parent":0,"menu_order":0,"comment_status":"closed","ping_status":"closed","template":"no-title-space","meta":{"footnotes":""},"class_list":["post-64","page","type-page","status-publish","hentry"],"yoast_head":"<!-- This site is optimized with the Yoast SEO plugin v26.0 - https:\/\/yoast.com\/wordpress\/plugins\/seo\/ -->\n<title>Manager et f\u00e9d\u00e9rer en harmonie - De Moi \u00e0 Soi<\/title>\n<meta name=\"description\" content=\"L&#039;atelier \u00ab\u00a0Manager et f\u00e9d\u00e9rer en harmonie\u00a0\u00bb appr\u00e9hende les croyances limitantes qui fa\u00e7onnent les r\u00e9actions et d\u00e9cisions de chaque acteur.\" \/>\n<meta name=\"robots\" content=\"index, follow, max-snippet:-1, max-image-preview:large, max-video-preview:-1\" \/>\n<link rel=\"canonical\" href=\"https:\/\/demoiasoi.com\/index.php\/manager-et-federer-en-harmonie\/\" \/>\n<meta property=\"og:locale\" content=\"fr_FR\" \/>\n<meta property=\"og:type\" content=\"article\" \/>\n<meta property=\"og:title\" content=\"Manager et f\u00e9d\u00e9rer en harmonie - De Moi \u00e0 Soi\" \/>\n<meta property=\"og:description\" content=\"L&#039;atelier \u00ab\u00a0Manager et f\u00e9d\u00e9rer en harmonie\u00a0\u00bb appr\u00e9hende les croyances limitantes qui fa\u00e7onnent les r\u00e9actions et d\u00e9cisions de chaque acteur.\" \/>\n<meta property=\"og:url\" content=\"https:\/\/demoiasoi.com\/index.php\/manager-et-federer-en-harmonie\/\" \/>\n<meta property=\"og:site_name\" content=\"De Moi \u00e0 Soi\" \/>\n<meta property=\"article:modified_time\" content=\"2025-10-13T15:07:23+00:00\" \/>\n<meta property=\"og:image\" content=\"https:\/\/demoiasoi.com\/wp-content\/uploads\/2025\/10\/Manager-et-federer-en-harmonie-.jpg\" \/>\n\t<meta property=\"og:image:width\" content=\"1280\" \/>\n\t<meta property=\"og:image:height\" content=\"800\" \/>\n\t<meta property=\"og:image:type\" content=\"image\/jpeg\" \/>\n<meta name=\"twitter:card\" content=\"summary_large_image\" \/>\n<meta name=\"twitter:label1\" content=\"Dur\u00e9e de lecture estim\u00e9e\" \/>\n\t<meta name=\"twitter:data1\" content=\"2 minutes\" \/>\n<script type=\"application\/ld+json\" class=\"yoast-schema-graph\">{\"@context\":\"https:\/\/schema.org\",\"@graph\":[{\"@type\":\"WebPage\",\"@id\":\"https:\/\/demoiasoi.com\/index.php\/manager-et-federer-en-harmonie\/\",\"url\":\"https:\/\/demoiasoi.com\/index.php\/manager-et-federer-en-harmonie\/\",\"name\":\"Manager et f\u00e9d\u00e9rer en harmonie - De Moi \u00e0 Soi\",\"isPartOf\":{\"@id\":\"https:\/\/demoiasoi.com\/#website\"},\"primaryImageOfPage\":{\"@id\":\"https:\/\/demoiasoi.com\/index.php\/manager-et-federer-en-harmonie\/#primaryimage\"},\"image\":{\"@id\":\"https:\/\/demoiasoi.com\/index.php\/manager-et-federer-en-harmonie\/#primaryimage\"},\"thumbnailUrl\":\"https:\/\/demoiasoi.com\/wp-content\/uploads\/2025\/10\/Manager-et-federer-en-harmonie--1024x640.jpg\",\"datePublished\":\"2025-10-01T07:26:29+00:00\",\"dateModified\":\"2025-10-13T15:07:23+00:00\",\"description\":\"L'atelier \u00ab\u00a0Manager et f\u00e9d\u00e9rer en harmonie\u00a0\u00bb appr\u00e9hende les croyances limitantes qui fa\u00e7onnent les r\u00e9actions et d\u00e9cisions de chaque acteur.\",\"breadcrumb\":{\"@id\":\"https:\/\/demoiasoi.com\/index.php\/manager-et-federer-en-harmonie\/#breadcrumb\"},\"inLanguage\":\"fr-FR\",\"potentialAction\":[{\"@type\":\"ReadAction\",\"target\":[\"https:\/\/demoiasoi.com\/index.php\/manager-et-federer-en-harmonie\/\"]}]},{\"@type\":\"ImageObject\",\"inLanguage\":\"fr-FR\",\"@id\":\"https:\/\/demoiasoi.com\/index.php\/manager-et-federer-en-harmonie\/#primaryimage\",\"url\":\"https:\/\/demoiasoi.com\/wp-content\/uploads\/2025\/10\/Manager-et-federer-en-harmonie-.jpg\",\"contentUrl\":\"https:\/\/demoiasoi.com\/wp-content\/uploads\/2025\/10\/Manager-et-federer-en-harmonie-.jpg\",\"width\":1280,\"height\":800},{\"@type\":\"BreadcrumbList\",\"@id\":\"https:\/\/demoiasoi.com\/index.php\/manager-et-federer-en-harmonie\/#breadcrumb\",\"itemListElement\":[{\"@type\":\"ListItem\",\"position\":1,\"name\":\"Accueil\",\"item\":\"https:\/\/demoiasoi.com\/\"},{\"@type\":\"ListItem\",\"position\":2,\"name\":\"Manager et f\u00e9d\u00e9rer en harmonie\"}]},{\"@type\":\"WebSite\",\"@id\":\"https:\/\/demoiasoi.com\/#website\",\"url\":\"https:\/\/demoiasoi.com\/\",\"name\":\"De Moi \u00e0 Soi\",\"description\":\"\",\"publisher\":{\"@id\":\"https:\/\/demoiasoi.com\/#organization\"},\"potentialAction\":[{\"@type\":\"SearchAction\",\"target\":{\"@type\":\"EntryPoint\",\"urlTemplate\":\"https:\/\/demoiasoi.com\/?s={search_term_string}\"},\"query-input\":{\"@type\":\"PropertyValueSpecification\",\"valueRequired\":true,\"valueName\":\"search_term_string\"}}],\"inLanguage\":\"fr-FR\"},{\"@type\":\"Organization\",\"@id\":\"https:\/\/demoiasoi.com\/#organization\",\"name\":\"De Moi \u00e0 Soi\",\"url\":\"https:\/\/demoiasoi.com\/\",\"logo\":{\"@type\":\"ImageObject\",\"inLanguage\":\"fr-FR\",\"@id\":\"https:\/\/demoiasoi.com\/#\/schema\/logo\/image\/\",\"url\":\"https:\/\/demoiasoi.com\/wp-content\/uploads\/2025\/09\/Inspi-logoVF.png\",\"contentUrl\":\"https:\/\/demoiasoi.com\/wp-content\/uploads\/2025\/09\/Inspi-logoVF.png\",\"width\":470,\"height\":530,\"caption\":\"De Moi \u00e0 Soi\"},\"image\":{\"@id\":\"https:\/\/demoiasoi.com\/#\/schema\/logo\/image\/\"}}]}<\/script>\n<!-- \/ Yoast SEO plugin. -->","yoast_head_json":{"title":"Manager et f\u00e9d\u00e9rer en harmonie - De Moi \u00e0 Soi","description":"L'atelier \u00ab\u00a0Manager et f\u00e9d\u00e9rer en harmonie\u00a0\u00bb appr\u00e9hende les croyances limitantes qui fa\u00e7onnent les r\u00e9actions et d\u00e9cisions de chaque acteur.","robots":{"index":"index","follow":"follow","max-snippet":"max-snippet:-1","max-image-preview":"max-image-preview:large","max-video-preview":"max-video-preview:-1"},"canonical":"https:\/\/demoiasoi.com\/index.php\/manager-et-federer-en-harmonie\/","og_locale":"fr_FR","og_type":"article","og_title":"Manager et f\u00e9d\u00e9rer en harmonie - De Moi \u00e0 Soi","og_description":"L'atelier \u00ab\u00a0Manager et f\u00e9d\u00e9rer en harmonie\u00a0\u00bb appr\u00e9hende les croyances limitantes qui fa\u00e7onnent les r\u00e9actions et d\u00e9cisions de chaque acteur.","og_url":"https:\/\/demoiasoi.com\/index.php\/manager-et-federer-en-harmonie\/","og_site_name":"De Moi \u00e0 Soi","article_modified_time":"2025-10-13T15:07:23+00:00","og_image":[{"width":1280,"height":800,"url":"https:\/\/demoiasoi.com\/wp-content\/uploads\/2025\/10\/Manager-et-federer-en-harmonie-.jpg","type":"image\/jpeg"}],"twitter_card":"summary_large_image","twitter_misc":{"Dur\u00e9e de lecture estim\u00e9e":"2 minutes"},"schema":{"@context":"https:\/\/schema.org","@graph":[{"@type":"WebPage","@id":"https:\/\/demoiasoi.com\/index.php\/manager-et-federer-en-harmonie\/","url":"https:\/\/demoiasoi.com\/index.php\/manager-et-federer-en-harmonie\/","name":"Manager et f\u00e9d\u00e9rer en harmonie - De Moi \u00e0 Soi","isPartOf":{"@id":"https:\/\/demoiasoi.com\/#website"},"primaryImageOfPage":{"@id":"https:\/\/demoiasoi.com\/index.php\/manager-et-federer-en-harmonie\/#primaryimage"},"image":{"@id":"https:\/\/demoiasoi.com\/index.php\/manager-et-federer-en-harmonie\/#primaryimage"},"thumbnailUrl":"https:\/\/demoiasoi.com\/wp-content\/uploads\/2025\/10\/Manager-et-federer-en-harmonie--1024x640.jpg","datePublished":"2025-10-01T07:26:29+00:00","dateModified":"2025-10-13T15:07:23+00:00","description":"L'atelier \u00ab\u00a0Manager et f\u00e9d\u00e9rer en harmonie\u00a0\u00bb appr\u00e9hende les croyances limitantes qui fa\u00e7onnent les r\u00e9actions et d\u00e9cisions de chaque acteur.","breadcrumb":{"@id":"https:\/\/demoiasoi.com\/index.php\/manager-et-federer-en-harmonie\/#breadcrumb"},"inLanguage":"fr-FR","potentialAction":[{"@type":"ReadAction","target":["https:\/\/demoiasoi.com\/index.php\/manager-et-federer-en-harmonie\/"]}]},{"@type":"ImageObject","inLanguage":"fr-FR","@id":"https:\/\/demoiasoi.com\/index.php\/manager-et-federer-en-harmonie\/#primaryimage","url":"https:\/\/demoiasoi.com\/wp-content\/uploads\/2025\/10\/Manager-et-federer-en-harmonie-.jpg","contentUrl":"https:\/\/demoiasoi.com\/wp-content\/uploads\/2025\/10\/Manager-et-federer-en-harmonie-.jpg","width":1280,"height":800},{"@type":"BreadcrumbList","@id":"https:\/\/demoiasoi.com\/index.php\/manager-et-federer-en-harmonie\/#breadcrumb","itemListElement":[{"@type":"ListItem","position":1,"name":"Accueil","item":"https:\/\/demoiasoi.com\/"},{"@type":"ListItem","position":2,"name":"Manager et f\u00e9d\u00e9rer en harmonie"}]},{"@type":"WebSite","@id":"https:\/\/demoiasoi.com\/#website","url":"https:\/\/demoiasoi.com\/","name":"De Moi \u00e0 Soi","description":"","publisher":{"@id":"https:\/\/demoiasoi.com\/#organization"},"potentialAction":[{"@type":"SearchAction","target":{"@type":"EntryPoint","urlTemplate":"https:\/\/demoiasoi.com\/?s={search_term_string}"},"query-input":{"@type":"PropertyValueSpecification","valueRequired":true,"valueName":"search_term_string"}}],"inLanguage":"fr-FR"},{"@type":"Organization","@id":"https:\/\/demoiasoi.com\/#organization","name":"De Moi \u00e0 Soi","url":"https:\/\/demoiasoi.com\/","logo":{"@type":"ImageObject","inLanguage":"fr-FR","@id":"https:\/\/demoiasoi.com\/#\/schema\/logo\/image\/","url":"https:\/\/demoiasoi.com\/wp-content\/uploads\/2025\/09\/Inspi-logoVF.png","contentUrl":"https:\/\/demoiasoi.com\/wp-content\/uploads\/2025\/09\/Inspi-logoVF.png","width":470,"height":530,"caption":"De Moi \u00e0 Soi"},"image":{"@id":"https:\/\/demoiasoi.com\/#\/schema\/logo\/image\/"}}]}},"_links":{"self":[{"href":"https:\/\/demoiasoi.com\/index.php\/wp-json\/wp\/v2\/pages\/64","targetHints":{"allow":["GET"]}}],"collection":[{"href":"https:\/\/demoiasoi.com\/index.php\/wp-json\/wp\/v2\/pages"}],"about":[{"href":"https:\/\/demoiasoi.com\/index.php\/wp-json\/wp\/v2\/types\/page"}],"author":[{"embeddable":true,"href":"https:\/\/demoiasoi.com\/index.php\/wp-json\/wp\/v2\/users\/1"}],"replies":[{"embeddable":true,"href":"https:\/\/demoiasoi.com\/index.php\/wp-json\/wp\/v2\/comments?post=64"}],"version-history":[{"count":11,"href":"https:\/\/demoiasoi.com\/index.php\/wp-json\/wp\/v2\/pages\/64\/revisions"}],"predecessor-version":[{"id":308,"href":"https:\/\/demoiasoi.com\/index.php\/wp-json\/wp\/v2\/pages\/64\/revisions\/308"}],"wp:attachment":[{"href":"https:\/\/demoiasoi.com\/index.php\/wp-json\/wp\/v2\/media?parent=64"}],"curies":[{"name":"wp","href":"https:\/\/api.w.org\/{rel}","templated":true}]}}