{"id":60,"date":"2025-10-01T09:26:00","date_gmt":"2025-10-01T07:26:00","guid":{"rendered":"https:\/\/demoiasoi.com\/?page_id=60"},"modified":"2025-10-20T12:26:30","modified_gmt":"2025-10-20T10:26:30","slug":"coupe-feu","status":"publish","type":"page","link":"https:\/\/demoiasoi.com\/index.php\/coupe-feu\/","title":{"rendered":"Coupe-feu"},"content":{"rendered":"\n<div class=\"wp-block-cover alignfull has-custom-content-position is-position-top-center has-aspect-ratio\" style=\"margin-top:0;margin-bottom:0;padding-top:0px;padding-right:2.6px;padding-bottom:0px;padding-left:2.6px;min-height:775px;aspect-ratio:auto;min-height:unset;\"><img fetchpriority=\"high\" decoding=\"async\" width=\"1024\" height=\"387\" class=\"wp-block-cover__image-background wp-image-258 size-large\" alt=\"Coupe-feu\" src=\"https:\/\/demoiasoi.com\/wp-content\/uploads\/2025\/10\/Capture-decran-2025-10-06-a-12.11.30-1024x387.png\" style=\"object-position:81% 34%\" data-object-fit=\"cover\" data-object-position=\"81% 34%\" srcset=\"https:\/\/demoiasoi.com\/wp-content\/uploads\/2025\/10\/Capture-decran-2025-10-06-a-12.11.30-1024x387.png 1024w, https:\/\/demoiasoi.com\/wp-content\/uploads\/2025\/10\/Capture-decran-2025-10-06-a-12.11.30-300x113.png 300w, https:\/\/demoiasoi.com\/wp-content\/uploads\/2025\/10\/Capture-decran-2025-10-06-a-12.11.30-768x290.png 768w, https:\/\/demoiasoi.com\/wp-content\/uploads\/2025\/10\/Capture-decran-2025-10-06-a-12.11.30-1536x580.png 1536w, https:\/\/demoiasoi.com\/wp-content\/uploads\/2025\/10\/Capture-decran-2025-10-06-a-12.11.30.png 1954w\" sizes=\"(max-width: 1024px) 100vw, 1024px\" \/><span aria-hidden=\"true\" class=\"wp-block-cover__background has-black-background-color has-background-dim\"><\/span><div class=\"wp-block-cover__inner-container has-global-padding is-layout-constrained wp-container-core-cover-is-layout-f33190fd wp-block-cover-is-layout-constrained\">\n<div style=\"height:100px\" aria-hidden=\"true\" class=\"wp-block-spacer\"><\/div>\n\n\n\n<h1 class=\"wp-block-heading\">Coupe-feu<\/h1>\n\n\n\n<div style=\"height:100px\" aria-hidden=\"true\" class=\"wp-block-spacer\"><\/div>\n<\/div><\/div>\n\n\n\n<div class=\"wp-block-group alignfull has-background-background-color has-background has-global-padding is-layout-constrained wp-block-group-is-layout-constrained\" style=\"margin-top:0px;margin-bottom:0px;padding-top:var(--wp--preset--spacing--xx-large);padding-bottom:var(--wp--preset--spacing--xx-large)\">\n<div class=\"wp-block-group alignwide is-layout-flow wp-block-group-is-layout-flow\">\n<div class=\"wp-block-columns is-layout-flex wp-container-core-columns-is-layout-28f84493 wp-block-columns-is-layout-flex\">\n<div class=\"wp-block-column is-layout-flow wp-block-column-is-layout-flow\">\n<p class=\"has-primary-color has-text-color has-base-font-size\">Le soin \u00ab\u00a0Coupe-feu\u00a0\u00bb<\/p>\n\n\n\n<h2 class=\"wp-block-heading has-x-large-font-size\" style=\"margin-top:0.25rem\">Qu&rsquo;est-ce que le soin \u00ab\u00a0Coupe-feu\u00a0\u00bb ?<\/h2>\n<\/div>\n\n\n\n<div class=\"wp-block-column is-layout-flow wp-block-column-is-layout-flow\">\n<p>Le soin \u00ab&nbsp;coupe- feu&nbsp;\u00bb vise \u00e0 soulager les douleurs provoqu\u00e9es par des br\u00fblures, d&rsquo;origine thermique, chimique, ou li\u00e9es \u00e0 de la radioth\u00e9rapie ou \u00e0 un zona.<br>Ce soin accompagne les traitements conventionnels. Il est un \u00ab&nbsp;support&nbsp;\u00bb qui vise \u00e0 minimiser les effets ind\u00e9sirables des br\u00fblures sur le corps \u00e9nerg\u00e9tique et le corps physique, tout en optimisant la capacit\u00e9 \u00e0 se r\u00e9g\u00e9n\u00e9rer et \u00e0 mieux tol\u00e9rer le traitement. L\u2019objectif est de soulager la douleur, l\u2019inflammation et de favoriser la cicatrisation.<br>Les soins sont r\u00e9alis\u00e9s \u00e0 distance, pendant toute la p\u00e9riode du traitement. Les effets sont ressentis diff\u00e9remment par chaque personne. Certains ressentiront un soulagement imm\u00e9diat, d\u2019autres une am\u00e9lioration progressive du mieux-\u00eatre g\u00e9n\u00e9ral.<\/p>\n\n\n\n<p class=\"has-quinary-color has-text-color has-link-color has-small-font-size wp-elements-291d7fee1f76c9e9a21cd2c6cc82763e\"><em>Cette technique \u00e9nerg\u00e9tique ne comporte&nbsp;aucune manipulation structurelle et n\u2019est pas une s\u00e9ance d\u2019ost\u00e9opathie telle que d\u00e9finie par le d\u00e9cret du 25 mars 2007. &nbsp;\u2028 Elle accompagne le travail de la m\u00e9decine conventionnelle sans jamais s\u2019y substituer. Il ne sera jamais demand\u00e9 au patient d\u2019agir sur ses traitements m\u00e9dicaux actuels et \u00e0 venir.&nbsp;<\/em><\/p>\n<\/div>\n<\/div>\n<\/div>\n<\/div>\n\n\n\n<div class=\"wp-block-group alignfull has-tertiary-background-color has-background has-global-padding is-layout-constrained wp-block-group-is-layout-constrained\" style=\"margin-top:0px;margin-bottom:0px;padding-top:var(--wp--preset--spacing--xx-large);padding-bottom:var(--wp--preset--spacing--xx-large)\">\n<div class=\"wp-block-group alignwide is-layout-flow wp-container-core-group-is-layout-d6743c7d wp-block-group-is-layout-flow\">\n<h2 class=\"wp-block-heading has-text-align-center has-x-large-font-size\">Contact<\/h2>\n\n\n\n<div class=\"wp-block-columns is-layout-flex wp-container-core-columns-is-layout-28f84493 wp-block-columns-is-layout-flex\">\n<div class=\"wp-block-column is-layout-flow wp-block-column-is-layout-flow\"><\/div>\n\n\n\n<div class=\"wp-block-column is-layout-flow wp-block-column-is-layout-flow\" style=\"flex-basis:720px\">\n<p class=\"has-text-align-center\" style=\"margin-top:var(--wp--preset--spacing--small)\">Parce que les soins ost\u00e9ofluidiques sont avant tout une aventure humaine, je reste \u00e0 votre disposition pour vous guider dans cette d\u00e9marche, Du Moi \u00e0 Soi.<\/p>\n\n\n\n<div class=\"wp-block-buttons is-content-justification-center is-layout-flex wp-container-core-buttons-is-layout-2af897fb wp-block-buttons-is-layout-flex\" style=\"margin-top:var(--wp--preset--spacing--medium)\">\n<div class=\"wp-block-button is-style-outline is-style-outline--1\"><a class=\"wp-block-button__link wp-element-button\" href=\"https:\/\/demoiasoi.com\/index.php\/contact\/\">Contact \u2192<\/a><\/div>\n<\/div>\n<\/div>\n\n\n\n<div class=\"wp-block-column is-layout-flow wp-block-column-is-layout-flow\"><\/div>\n<\/div>\n<\/div>\n<\/div>\n","protected":false},"excerpt":{"rendered":"<p>Le soin \u00ab\u00a0Coupe-feu\u00a0\u00bb Qu&rsquo;est-ce que le soin \u00ab\u00a0Coupe-feu\u00a0\u00bb ? Le soin \u00ab&nbsp;coupe- feu&nbsp;\u00bb vise \u00e0 soulager les douleurs provoqu\u00e9es par des br\u00fblures, d&rsquo;origine thermique, chimique, ou li\u00e9es \u00e0 de la radioth\u00e9rapie ou \u00e0 un zona.Ce soin accompagne les traitements conventionnels. Il est un \u00ab&nbsp;support&nbsp;\u00bb qui vise \u00e0 minimiser les effets ind\u00e9sirables des br\u00fblures sur le [&hellip;]<\/p>\n","protected":false},"author":1,"featured_media":0,"parent":0,"menu_order":0,"comment_status":"closed","ping_status":"closed","template":"no-title-space","meta":{"footnotes":""},"class_list":["post-60","page","type-page","status-publish","hentry"],"yoast_head":"<!-- This site is optimized with the Yoast SEO plugin v26.0 - https:\/\/yoast.com\/wordpress\/plugins\/seo\/ -->\n<title>Coupe-feu - De Moi \u00e0 Soi<\/title>\n<meta name=\"description\" content=\"Le soin &quot;Coupe-feu&quot; vise \u00e0 soulager les douleurs provoqu\u00e9es par des br\u00fblures, d\u2019origine thermique, chimique, li\u00e9es \u00e0 de la radioth\u00e9rapie ou \u00e0 un zona.\" \/>\n<meta name=\"robots\" content=\"index, follow, max-snippet:-1, max-image-preview:large, max-video-preview:-1\" \/>\n<link rel=\"canonical\" href=\"https:\/\/demoiasoi.com\/index.php\/coupe-feu\/\" \/>\n<meta property=\"og:locale\" content=\"fr_FR\" \/>\n<meta property=\"og:type\" content=\"article\" \/>\n<meta property=\"og:title\" content=\"Coupe-feu - De Moi \u00e0 Soi\" \/>\n<meta property=\"og:description\" content=\"Le soin &quot;Coupe-feu&quot; vise \u00e0 soulager les douleurs provoqu\u00e9es par des br\u00fblures, d\u2019origine thermique, chimique, li\u00e9es \u00e0 de la radioth\u00e9rapie ou \u00e0 un zona.\" \/>\n<meta property=\"og:url\" content=\"https:\/\/demoiasoi.com\/index.php\/coupe-feu\/\" \/>\n<meta property=\"og:site_name\" content=\"De Moi \u00e0 Soi\" \/>\n<meta property=\"article:modified_time\" content=\"2025-10-20T10:26:30+00:00\" \/>\n<meta property=\"og:image\" content=\"https:\/\/demoiasoi.com\/wp-content\/uploads\/2025\/10\/Capture-decran-2025-10-06-a-12.11.30.png\" \/>\n\t<meta property=\"og:image:width\" content=\"1954\" \/>\n\t<meta property=\"og:image:height\" content=\"738\" \/>\n\t<meta property=\"og:image:type\" content=\"image\/png\" \/>\n<meta name=\"twitter:card\" content=\"summary_large_image\" \/>\n<meta name=\"twitter:label1\" content=\"Dur\u00e9e de lecture estim\u00e9e\" \/>\n\t<meta name=\"twitter:data1\" content=\"3 minutes\" \/>\n<script type=\"application\/ld+json\" class=\"yoast-schema-graph\">{\"@context\":\"https:\/\/schema.org\",\"@graph\":[{\"@type\":\"WebPage\",\"@id\":\"https:\/\/demoiasoi.com\/index.php\/coupe-feu\/\",\"url\":\"https:\/\/demoiasoi.com\/index.php\/coupe-feu\/\",\"name\":\"Coupe-feu - De Moi \u00e0 Soi\",\"isPartOf\":{\"@id\":\"https:\/\/demoiasoi.com\/#website\"},\"primaryImageOfPage\":{\"@id\":\"https:\/\/demoiasoi.com\/index.php\/coupe-feu\/#primaryimage\"},\"image\":{\"@id\":\"https:\/\/demoiasoi.com\/index.php\/coupe-feu\/#primaryimage\"},\"thumbnailUrl\":\"https:\/\/demoiasoi.com\/wp-content\/uploads\/2025\/10\/Capture-decran-2025-10-06-a-12.11.30-1024x387.png\",\"datePublished\":\"2025-10-01T07:26:00+00:00\",\"dateModified\":\"2025-10-20T10:26:30+00:00\",\"description\":\"Le soin \\\"Coupe-feu\\\" vise \u00e0 soulager les douleurs provoqu\u00e9es par des br\u00fblures, d\u2019origine thermique, chimique, li\u00e9es \u00e0 de la radioth\u00e9rapie ou \u00e0 un zona.\",\"breadcrumb\":{\"@id\":\"https:\/\/demoiasoi.com\/index.php\/coupe-feu\/#breadcrumb\"},\"inLanguage\":\"fr-FR\",\"potentialAction\":[{\"@type\":\"ReadAction\",\"target\":[\"https:\/\/demoiasoi.com\/index.php\/coupe-feu\/\"]}]},{\"@type\":\"ImageObject\",\"inLanguage\":\"fr-FR\",\"@id\":\"https:\/\/demoiasoi.com\/index.php\/coupe-feu\/#primaryimage\",\"url\":\"https:\/\/demoiasoi.com\/wp-content\/uploads\/2025\/10\/Capture-decran-2025-10-06-a-12.11.30.png\",\"contentUrl\":\"https:\/\/demoiasoi.com\/wp-content\/uploads\/2025\/10\/Capture-decran-2025-10-06-a-12.11.30.png\",\"width\":1954,\"height\":738},{\"@type\":\"BreadcrumbList\",\"@id\":\"https:\/\/demoiasoi.com\/index.php\/coupe-feu\/#breadcrumb\",\"itemListElement\":[{\"@type\":\"ListItem\",\"position\":1,\"name\":\"Accueil\",\"item\":\"https:\/\/demoiasoi.com\/\"},{\"@type\":\"ListItem\",\"position\":2,\"name\":\"Coupe-feu\"}]},{\"@type\":\"WebSite\",\"@id\":\"https:\/\/demoiasoi.com\/#website\",\"url\":\"https:\/\/demoiasoi.com\/\",\"name\":\"De Moi \u00e0 Soi\",\"description\":\"\",\"publisher\":{\"@id\":\"https:\/\/demoiasoi.com\/#organization\"},\"potentialAction\":[{\"@type\":\"SearchAction\",\"target\":{\"@type\":\"EntryPoint\",\"urlTemplate\":\"https:\/\/demoiasoi.com\/?s={search_term_string}\"},\"query-input\":{\"@type\":\"PropertyValueSpecification\",\"valueRequired\":true,\"valueName\":\"search_term_string\"}}],\"inLanguage\":\"fr-FR\"},{\"@type\":\"Organization\",\"@id\":\"https:\/\/demoiasoi.com\/#organization\",\"name\":\"De Moi \u00e0 Soi\",\"url\":\"https:\/\/demoiasoi.com\/\",\"logo\":{\"@type\":\"ImageObject\",\"inLanguage\":\"fr-FR\",\"@id\":\"https:\/\/demoiasoi.com\/#\/schema\/logo\/image\/\",\"url\":\"https:\/\/demoiasoi.com\/wp-content\/uploads\/2025\/09\/Inspi-logoVF.png\",\"contentUrl\":\"https:\/\/demoiasoi.com\/wp-content\/uploads\/2025\/09\/Inspi-logoVF.png\",\"width\":470,\"height\":530,\"caption\":\"De Moi \u00e0 Soi\"},\"image\":{\"@id\":\"https:\/\/demoiasoi.com\/#\/schema\/logo\/image\/\"}}]}<\/script>\n<!-- \/ Yoast SEO plugin. -->","yoast_head_json":{"title":"Coupe-feu - De Moi \u00e0 Soi","description":"Le soin \"Coupe-feu\" vise \u00e0 soulager les douleurs provoqu\u00e9es par des br\u00fblures, d\u2019origine thermique, chimique, li\u00e9es \u00e0 de la radioth\u00e9rapie ou \u00e0 un zona.","robots":{"index":"index","follow":"follow","max-snippet":"max-snippet:-1","max-image-preview":"max-image-preview:large","max-video-preview":"max-video-preview:-1"},"canonical":"https:\/\/demoiasoi.com\/index.php\/coupe-feu\/","og_locale":"fr_FR","og_type":"article","og_title":"Coupe-feu - De Moi \u00e0 Soi","og_description":"Le soin \"Coupe-feu\" vise \u00e0 soulager les douleurs provoqu\u00e9es par des br\u00fblures, d\u2019origine thermique, chimique, li\u00e9es \u00e0 de la radioth\u00e9rapie ou \u00e0 un zona.","og_url":"https:\/\/demoiasoi.com\/index.php\/coupe-feu\/","og_site_name":"De Moi \u00e0 Soi","article_modified_time":"2025-10-20T10:26:30+00:00","og_image":[{"width":1954,"height":738,"url":"https:\/\/demoiasoi.com\/wp-content\/uploads\/2025\/10\/Capture-decran-2025-10-06-a-12.11.30.png","type":"image\/png"}],"twitter_card":"summary_large_image","twitter_misc":{"Dur\u00e9e de lecture estim\u00e9e":"3 minutes"},"schema":{"@context":"https:\/\/schema.org","@graph":[{"@type":"WebPage","@id":"https:\/\/demoiasoi.com\/index.php\/coupe-feu\/","url":"https:\/\/demoiasoi.com\/index.php\/coupe-feu\/","name":"Coupe-feu - De Moi \u00e0 Soi","isPartOf":{"@id":"https:\/\/demoiasoi.com\/#website"},"primaryImageOfPage":{"@id":"https:\/\/demoiasoi.com\/index.php\/coupe-feu\/#primaryimage"},"image":{"@id":"https:\/\/demoiasoi.com\/index.php\/coupe-feu\/#primaryimage"},"thumbnailUrl":"https:\/\/demoiasoi.com\/wp-content\/uploads\/2025\/10\/Capture-decran-2025-10-06-a-12.11.30-1024x387.png","datePublished":"2025-10-01T07:26:00+00:00","dateModified":"2025-10-20T10:26:30+00:00","description":"Le soin \"Coupe-feu\" vise \u00e0 soulager les douleurs provoqu\u00e9es par des br\u00fblures, d\u2019origine thermique, chimique, li\u00e9es \u00e0 de la radioth\u00e9rapie ou \u00e0 un zona.","breadcrumb":{"@id":"https:\/\/demoiasoi.com\/index.php\/coupe-feu\/#breadcrumb"},"inLanguage":"fr-FR","potentialAction":[{"@type":"ReadAction","target":["https:\/\/demoiasoi.com\/index.php\/coupe-feu\/"]}]},{"@type":"ImageObject","inLanguage":"fr-FR","@id":"https:\/\/demoiasoi.com\/index.php\/coupe-feu\/#primaryimage","url":"https:\/\/demoiasoi.com\/wp-content\/uploads\/2025\/10\/Capture-decran-2025-10-06-a-12.11.30.png","contentUrl":"https:\/\/demoiasoi.com\/wp-content\/uploads\/2025\/10\/Capture-decran-2025-10-06-a-12.11.30.png","width":1954,"height":738},{"@type":"BreadcrumbList","@id":"https:\/\/demoiasoi.com\/index.php\/coupe-feu\/#breadcrumb","itemListElement":[{"@type":"ListItem","position":1,"name":"Accueil","item":"https:\/\/demoiasoi.com\/"},{"@type":"ListItem","position":2,"name":"Coupe-feu"}]},{"@type":"WebSite","@id":"https:\/\/demoiasoi.com\/#website","url":"https:\/\/demoiasoi.com\/","name":"De Moi \u00e0 Soi","description":"","publisher":{"@id":"https:\/\/demoiasoi.com\/#organization"},"potentialAction":[{"@type":"SearchAction","target":{"@type":"EntryPoint","urlTemplate":"https:\/\/demoiasoi.com\/?s={search_term_string}"},"query-input":{"@type":"PropertyValueSpecification","valueRequired":true,"valueName":"search_term_string"}}],"inLanguage":"fr-FR"},{"@type":"Organization","@id":"https:\/\/demoiasoi.com\/#organization","name":"De Moi \u00e0 Soi","url":"https:\/\/demoiasoi.com\/","logo":{"@type":"ImageObject","inLanguage":"fr-FR","@id":"https:\/\/demoiasoi.com\/#\/schema\/logo\/image\/","url":"https:\/\/demoiasoi.com\/wp-content\/uploads\/2025\/09\/Inspi-logoVF.png","contentUrl":"https:\/\/demoiasoi.com\/wp-content\/uploads\/2025\/09\/Inspi-logoVF.png","width":470,"height":530,"caption":"De Moi \u00e0 Soi"},"image":{"@id":"https:\/\/demoiasoi.com\/#\/schema\/logo\/image\/"}}]}},"_links":{"self":[{"href":"https:\/\/demoiasoi.com\/index.php\/wp-json\/wp\/v2\/pages\/60","targetHints":{"allow":["GET"]}}],"collection":[{"href":"https:\/\/demoiasoi.com\/index.php\/wp-json\/wp\/v2\/pages"}],"about":[{"href":"https:\/\/demoiasoi.com\/index.php\/wp-json\/wp\/v2\/types\/page"}],"author":[{"embeddable":true,"href":"https:\/\/demoiasoi.com\/index.php\/wp-json\/wp\/v2\/users\/1"}],"replies":[{"embeddable":true,"href":"https:\/\/demoiasoi.com\/index.php\/wp-json\/wp\/v2\/comments?post=60"}],"version-history":[{"count":8,"href":"https:\/\/demoiasoi.com\/index.php\/wp-json\/wp\/v2\/pages\/60\/revisions"}],"predecessor-version":[{"id":304,"href":"https:\/\/demoiasoi.com\/index.php\/wp-json\/wp\/v2\/pages\/60\/revisions\/304"}],"wp:attachment":[{"href":"https:\/\/demoiasoi.com\/index.php\/wp-json\/wp\/v2\/media?parent=60"}],"curies":[{"name":"wp","href":"https:\/\/api.w.org\/{rel}","templated":true}]}}