{"id":58,"date":"2025-10-01T09:25:47","date_gmt":"2025-10-01T07:25:47","guid":{"rendered":"https:\/\/demoiasoi.com\/?page_id=58"},"modified":"2025-10-13T17:05:30","modified_gmt":"2025-10-13T15:05:30","slug":"liberation-emotionnelle","status":"publish","type":"page","link":"https:\/\/demoiasoi.com\/index.php\/liberation-emotionnelle\/","title":{"rendered":"Lib\u00e9ration \u00e9motionnelle"},"content":{"rendered":"\n<div class=\"wp-block-cover alignfull has-custom-content-position is-position-top-center has-aspect-ratio\" style=\"margin-top:0;margin-bottom:0;padding-top:0px;padding-right:2.6px;padding-bottom:0px;padding-left:2.6px;min-height:775px;aspect-ratio:auto;min-height:unset;\"><img fetchpriority=\"high\" decoding=\"async\" width=\"1024\" height=\"683\" class=\"wp-block-cover__image-background wp-image-302 size-large\" alt=\"Lib\u00e9ration \u00e9motionnelle\" src=\"https:\/\/demoiasoi.com\/wp-content\/uploads\/2025\/10\/Liberation-emotionnelle-1024x683.jpg\" data-object-fit=\"cover\" srcset=\"https:\/\/demoiasoi.com\/wp-content\/uploads\/2025\/10\/Liberation-emotionnelle-1024x683.jpg 1024w, https:\/\/demoiasoi.com\/wp-content\/uploads\/2025\/10\/Liberation-emotionnelle-300x200.jpg 300w, https:\/\/demoiasoi.com\/wp-content\/uploads\/2025\/10\/Liberation-emotionnelle-768x512.jpg 768w, https:\/\/demoiasoi.com\/wp-content\/uploads\/2025\/10\/Liberation-emotionnelle-1536x1024.jpg 1536w, https:\/\/demoiasoi.com\/wp-content\/uploads\/2025\/10\/Liberation-emotionnelle-2048x1365.jpg 2048w\" sizes=\"(max-width: 1024px) 100vw, 1024px\" \/><span aria-hidden=\"true\" class=\"wp-block-cover__background has-black-background-color has-background-dim\"><\/span><div class=\"wp-block-cover__inner-container has-global-padding is-layout-constrained wp-container-core-cover-is-layout-f33190fd wp-block-cover-is-layout-constrained\">\n<div style=\"height:100px\" aria-hidden=\"true\" class=\"wp-block-spacer\"><\/div>\n\n\n\n<h1 class=\"wp-block-heading\">Lib\u00e9ration \u00e9motionnelle<\/h1>\n\n\n\n<div style=\"height:100px\" aria-hidden=\"true\" class=\"wp-block-spacer\"><\/div>\n<\/div><\/div>\n\n\n\n<div class=\"wp-block-group alignfull has-background-background-color has-background has-global-padding is-layout-constrained wp-block-group-is-layout-constrained\" style=\"margin-top:0px;margin-bottom:0px;padding-top:var(--wp--preset--spacing--xx-large);padding-bottom:var(--wp--preset--spacing--xx-large)\">\n<div class=\"wp-block-group alignwide is-layout-flow wp-block-group-is-layout-flow\">\n<div class=\"wp-block-columns is-layout-flex wp-container-core-columns-is-layout-28f84493 wp-block-columns-is-layout-flex\">\n<div class=\"wp-block-column is-layout-flow wp-block-column-is-layout-flow\">\n<p class=\"has-primary-color has-text-color has-base-font-size\">Le soin \u00ab\u00a0Lib\u00e9ration \u00e9motionnelle\u00a0\u00bb<\/p>\n\n\n\n<h2 class=\"wp-block-heading has-x-large-font-size\" style=\"margin-top:0.25rem\">Qu&rsquo;est-ce que c&rsquo;est \u00ab\u00a0Lib\u00e9ration \u00e9motionnelle\u00a0\u00bb ?<\/h2>\n\n\n\n<p>Sur le plan \u00e9motionnel, l\u2019influence des m\u00e9moires est souvent plus directement perceptible. Le soin vise \u00e0 apporter une prise de <br>conscience des sch\u00e9mas. Il permet une lib\u00e9ration, une d\u00e9sengrammation d\u00e9finitive des blocages \u00e9motionnels g\u00e9n\u00e9r\u00e9s par <br>les m\u00e9moires h\u00e9rit\u00e9es du pass\u00e9, des m\u00e9moires transg\u00e9n\u00e9rationnelles, qui nous emp\u00eachent d\u2019avancer. Le soin permet de se r\u00e9aligner plus profond\u00e9ment avec son Chemin de l\u2019\u00e2me, et de \u00ab\u00a0transmuter le <br>karma\u00a0\u00bb.<\/p>\n<\/div>\n\n\n\n<div class=\"wp-block-column is-layout-flow wp-block-column-is-layout-flow\">\n<h3 class=\"wp-block-heading\">Domaines d&rsquo;intervention<\/h3>\n\n\n\n<ul class=\"wp-block-list\">\n<li>D\u00e9pression, burn-out<\/li>\n\n\n\n<li>Blessures d\u2019abandon, de rejet<\/li>\n\n\n\n<li>D\u00e9valorisation de soi, manque de confiance en soi<\/li>\n\n\n\n<li>Ne pas se sentir \u00e0 sa place<\/li>\n\n\n\n<li>Difficult\u00e9 \u00e0 faire des choix, \u00e0 se positionner face \u00e0 l\u2019autre<\/li>\n\n\n\n<li>Peur de l\u2019\u00e9chec, \u00e0 cr\u00e9er, de se r\u00e9aliser<\/li>\n\n\n\n<li>Probl\u00e9matiques li\u00e9es \u00e0 l&rsquo;argent<\/li>\n\n\n\n<li>Blocage li\u00e9 au sexe<\/li>\n\n\n\n<li>Peurs profondes, phobies<\/li>\n\n\n\n<li>D\u00e9pendances physiques<\/li>\n\n\n\n<li>Blocage vis-\u00e0-vis de l\u2019engagement<\/li>\n\n\n\n<li>D\u00e9pendance affective<\/li>\n\n\n\n<li>Surmonter une rupture&nbsp;<\/li>\n\n\n\n<li>Difficult\u00e9 \u00e0 avoir des enfants<\/li>\n\n\n\n<li>Difficult\u00e9 \u00e0 sortir des sch\u00e9mas r\u00e9p\u00e9titifs dans sa vie et ses choix (choisir toujours le m\u00eame type d\u2019homme ou femme, toujours se retrouver dans le m\u00eame sch\u00e9ma familial, relationnel ou professionnel)<\/li>\n<\/ul>\n\n\n\n<p class=\"has-quinary-color has-text-color has-link-color has-small-font-size wp-elements-291d7fee1f76c9e9a21cd2c6cc82763e\"><em>Cette technique \u00e9nerg\u00e9tique ne comporte&nbsp;aucune manipulation structurelle et n\u2019est pas une s\u00e9ance d\u2019ost\u00e9opathie telle que d\u00e9finie par le d\u00e9cret du 25 mars 2007. &nbsp;\u2028 Elle accompagne le travail de la m\u00e9decine conventionnelle sans jamais s\u2019y substituer. Il ne sera jamais demand\u00e9 au patient d\u2019agir sur ses traitements m\u00e9dicaux actuels et \u00e0 venir.&nbsp;<\/em><\/p>\n<\/div>\n<\/div>\n<\/div>\n<\/div>\n\n\n\n<div class=\"wp-block-group alignfull has-tertiary-background-color has-background has-global-padding is-layout-constrained wp-block-group-is-layout-constrained\" style=\"margin-top:0px;margin-bottom:0px;padding-top:var(--wp--preset--spacing--xx-large);padding-bottom:var(--wp--preset--spacing--xx-large)\">\n<div class=\"wp-block-group alignwide is-layout-flow wp-container-core-group-is-layout-d6743c7d wp-block-group-is-layout-flow\">\n<h2 class=\"wp-block-heading has-text-align-center has-x-large-font-size\">Contact<\/h2>\n\n\n\n<div class=\"wp-block-columns is-layout-flex wp-container-core-columns-is-layout-28f84493 wp-block-columns-is-layout-flex\">\n<div class=\"wp-block-column is-layout-flow wp-block-column-is-layout-flow\"><\/div>\n\n\n\n<div class=\"wp-block-column is-layout-flow wp-block-column-is-layout-flow\" style=\"flex-basis:720px\">\n<p class=\"has-text-align-center\" style=\"margin-top:var(--wp--preset--spacing--small)\">Parce que les soins ost\u00e9ofluidiques sont avant tout une aventure humaine, je reste \u00e0 votre disposition pour vous guider dans cette d\u00e9marche, Du Moi \u00e0 Soi.<\/p>\n\n\n\n<div class=\"wp-block-buttons is-content-justification-center is-layout-flex wp-container-core-buttons-is-layout-2af897fb wp-block-buttons-is-layout-flex\" style=\"margin-top:var(--wp--preset--spacing--medium)\">\n<div class=\"wp-block-button is-style-outline is-style-outline--1\"><a class=\"wp-block-button__link wp-element-button\" href=\"https:\/\/demoiasoi.com\/index.php\/contact\/\">Contact \u2192<\/a><\/div>\n<\/div>\n<\/div>\n\n\n\n<div class=\"wp-block-column is-layout-flow wp-block-column-is-layout-flow\"><\/div>\n<\/div>\n<\/div>\n<\/div>\n","protected":false},"excerpt":{"rendered":"<p>Le soin \u00ab\u00a0Lib\u00e9ration \u00e9motionnelle\u00a0\u00bb Qu&rsquo;est-ce que c&rsquo;est \u00ab\u00a0Lib\u00e9ration \u00e9motionnelle\u00a0\u00bb ? Sur le plan \u00e9motionnel, l\u2019influence des m\u00e9moires est souvent plus directement perceptible. Le soin vise \u00e0 apporter une prise de conscience des sch\u00e9mas. Il permet une lib\u00e9ration, une d\u00e9sengrammation d\u00e9finitive des blocages \u00e9motionnels g\u00e9n\u00e9r\u00e9s par les m\u00e9moires h\u00e9rit\u00e9es du pass\u00e9, des m\u00e9moires transg\u00e9n\u00e9rationnelles, qui nous [&hellip;]<\/p>\n","protected":false},"author":1,"featured_media":0,"parent":0,"menu_order":0,"comment_status":"closed","ping_status":"closed","template":"no-title-space","meta":{"footnotes":""},"class_list":["post-58","page","type-page","status-publish","hentry"],"yoast_head":"<!-- This site is optimized with the Yoast SEO plugin v26.0 - https:\/\/yoast.com\/wordpress\/plugins\/seo\/ -->\n<title>Lib\u00e9ration \u00e9motionnelle - De Moi \u00e0 Soi<\/title>\n<meta name=\"description\" content=\"Le soin &quot;Lib\u00e9ration \u00e9motionnelle&quot; vise \u00e0 apporter une prise de conscience des sch\u00e9mas pour un d\u00e9blocage \u00e9motionnel.\" \/>\n<meta name=\"robots\" content=\"index, follow, max-snippet:-1, max-image-preview:large, max-video-preview:-1\" \/>\n<link rel=\"canonical\" href=\"https:\/\/demoiasoi.com\/index.php\/liberation-emotionnelle\/\" \/>\n<meta property=\"og:locale\" content=\"fr_FR\" \/>\n<meta property=\"og:type\" content=\"article\" \/>\n<meta property=\"og:title\" content=\"Lib\u00e9ration \u00e9motionnelle - De Moi \u00e0 Soi\" \/>\n<meta property=\"og:description\" content=\"Le soin &quot;Lib\u00e9ration \u00e9motionnelle&quot; vise \u00e0 apporter une prise de conscience des sch\u00e9mas pour un d\u00e9blocage \u00e9motionnel.\" \/>\n<meta property=\"og:url\" content=\"https:\/\/demoiasoi.com\/index.php\/liberation-emotionnelle\/\" \/>\n<meta property=\"og:site_name\" content=\"De Moi \u00e0 Soi\" \/>\n<meta property=\"article:modified_time\" content=\"2025-10-13T15:05:30+00:00\" \/>\n<meta property=\"og:image\" content=\"https:\/\/demoiasoi.com\/wp-content\/uploads\/2025\/10\/Liberation-emotionnelle.jpg\" \/>\n\t<meta property=\"og:image:width\" content=\"2121\" \/>\n\t<meta property=\"og:image:height\" content=\"1414\" \/>\n\t<meta property=\"og:image:type\" content=\"image\/jpeg\" \/>\n<meta name=\"twitter:card\" content=\"summary_large_image\" \/>\n<meta name=\"twitter:label1\" content=\"Dur\u00e9e de lecture estim\u00e9e\" \/>\n\t<meta name=\"twitter:data1\" content=\"2 minutes\" \/>\n<script type=\"application\/ld+json\" class=\"yoast-schema-graph\">{\"@context\":\"https:\/\/schema.org\",\"@graph\":[{\"@type\":\"WebPage\",\"@id\":\"https:\/\/demoiasoi.com\/index.php\/liberation-emotionnelle\/\",\"url\":\"https:\/\/demoiasoi.com\/index.php\/liberation-emotionnelle\/\",\"name\":\"Lib\u00e9ration \u00e9motionnelle - De Moi \u00e0 Soi\",\"isPartOf\":{\"@id\":\"https:\/\/demoiasoi.com\/#website\"},\"primaryImageOfPage\":{\"@id\":\"https:\/\/demoiasoi.com\/index.php\/liberation-emotionnelle\/#primaryimage\"},\"image\":{\"@id\":\"https:\/\/demoiasoi.com\/index.php\/liberation-emotionnelle\/#primaryimage\"},\"thumbnailUrl\":\"https:\/\/demoiasoi.com\/wp-content\/uploads\/2025\/10\/Liberation-emotionnelle-1024x683.jpg\",\"datePublished\":\"2025-10-01T07:25:47+00:00\",\"dateModified\":\"2025-10-13T15:05:30+00:00\",\"description\":\"Le soin \\\"Lib\u00e9ration \u00e9motionnelle\\\" vise \u00e0 apporter une prise de conscience des sch\u00e9mas pour un d\u00e9blocage \u00e9motionnel.\",\"breadcrumb\":{\"@id\":\"https:\/\/demoiasoi.com\/index.php\/liberation-emotionnelle\/#breadcrumb\"},\"inLanguage\":\"fr-FR\",\"potentialAction\":[{\"@type\":\"ReadAction\",\"target\":[\"https:\/\/demoiasoi.com\/index.php\/liberation-emotionnelle\/\"]}]},{\"@type\":\"ImageObject\",\"inLanguage\":\"fr-FR\",\"@id\":\"https:\/\/demoiasoi.com\/index.php\/liberation-emotionnelle\/#primaryimage\",\"url\":\"https:\/\/demoiasoi.com\/wp-content\/uploads\/2025\/10\/Liberation-emotionnelle.jpg\",\"contentUrl\":\"https:\/\/demoiasoi.com\/wp-content\/uploads\/2025\/10\/Liberation-emotionnelle.jpg\",\"width\":2121,\"height\":1414},{\"@type\":\"BreadcrumbList\",\"@id\":\"https:\/\/demoiasoi.com\/index.php\/liberation-emotionnelle\/#breadcrumb\",\"itemListElement\":[{\"@type\":\"ListItem\",\"position\":1,\"name\":\"Accueil\",\"item\":\"https:\/\/demoiasoi.com\/\"},{\"@type\":\"ListItem\",\"position\":2,\"name\":\"Lib\u00e9ration \u00e9motionnelle\"}]},{\"@type\":\"WebSite\",\"@id\":\"https:\/\/demoiasoi.com\/#website\",\"url\":\"https:\/\/demoiasoi.com\/\",\"name\":\"De Moi \u00e0 Soi\",\"description\":\"\",\"publisher\":{\"@id\":\"https:\/\/demoiasoi.com\/#organization\"},\"potentialAction\":[{\"@type\":\"SearchAction\",\"target\":{\"@type\":\"EntryPoint\",\"urlTemplate\":\"https:\/\/demoiasoi.com\/?s={search_term_string}\"},\"query-input\":{\"@type\":\"PropertyValueSpecification\",\"valueRequired\":true,\"valueName\":\"search_term_string\"}}],\"inLanguage\":\"fr-FR\"},{\"@type\":\"Organization\",\"@id\":\"https:\/\/demoiasoi.com\/#organization\",\"name\":\"De Moi \u00e0 Soi\",\"url\":\"https:\/\/demoiasoi.com\/\",\"logo\":{\"@type\":\"ImageObject\",\"inLanguage\":\"fr-FR\",\"@id\":\"https:\/\/demoiasoi.com\/#\/schema\/logo\/image\/\",\"url\":\"https:\/\/demoiasoi.com\/wp-content\/uploads\/2025\/09\/Inspi-logoVF.png\",\"contentUrl\":\"https:\/\/demoiasoi.com\/wp-content\/uploads\/2025\/09\/Inspi-logoVF.png\",\"width\":470,\"height\":530,\"caption\":\"De Moi \u00e0 Soi\"},\"image\":{\"@id\":\"https:\/\/demoiasoi.com\/#\/schema\/logo\/image\/\"}}]}<\/script>\n<!-- \/ Yoast SEO plugin. -->","yoast_head_json":{"title":"Lib\u00e9ration \u00e9motionnelle - De Moi \u00e0 Soi","description":"Le soin \"Lib\u00e9ration \u00e9motionnelle\" vise \u00e0 apporter une prise de conscience des sch\u00e9mas pour un d\u00e9blocage \u00e9motionnel.","robots":{"index":"index","follow":"follow","max-snippet":"max-snippet:-1","max-image-preview":"max-image-preview:large","max-video-preview":"max-video-preview:-1"},"canonical":"https:\/\/demoiasoi.com\/index.php\/liberation-emotionnelle\/","og_locale":"fr_FR","og_type":"article","og_title":"Lib\u00e9ration \u00e9motionnelle - De Moi \u00e0 Soi","og_description":"Le soin \"Lib\u00e9ration \u00e9motionnelle\" vise \u00e0 apporter une prise de conscience des sch\u00e9mas pour un d\u00e9blocage \u00e9motionnel.","og_url":"https:\/\/demoiasoi.com\/index.php\/liberation-emotionnelle\/","og_site_name":"De Moi \u00e0 Soi","article_modified_time":"2025-10-13T15:05:30+00:00","og_image":[{"width":2121,"height":1414,"url":"https:\/\/demoiasoi.com\/wp-content\/uploads\/2025\/10\/Liberation-emotionnelle.jpg","type":"image\/jpeg"}],"twitter_card":"summary_large_image","twitter_misc":{"Dur\u00e9e de lecture estim\u00e9e":"2 minutes"},"schema":{"@context":"https:\/\/schema.org","@graph":[{"@type":"WebPage","@id":"https:\/\/demoiasoi.com\/index.php\/liberation-emotionnelle\/","url":"https:\/\/demoiasoi.com\/index.php\/liberation-emotionnelle\/","name":"Lib\u00e9ration \u00e9motionnelle - De Moi \u00e0 Soi","isPartOf":{"@id":"https:\/\/demoiasoi.com\/#website"},"primaryImageOfPage":{"@id":"https:\/\/demoiasoi.com\/index.php\/liberation-emotionnelle\/#primaryimage"},"image":{"@id":"https:\/\/demoiasoi.com\/index.php\/liberation-emotionnelle\/#primaryimage"},"thumbnailUrl":"https:\/\/demoiasoi.com\/wp-content\/uploads\/2025\/10\/Liberation-emotionnelle-1024x683.jpg","datePublished":"2025-10-01T07:25:47+00:00","dateModified":"2025-10-13T15:05:30+00:00","description":"Le soin \"Lib\u00e9ration \u00e9motionnelle\" vise \u00e0 apporter une prise de conscience des sch\u00e9mas pour un d\u00e9blocage \u00e9motionnel.","breadcrumb":{"@id":"https:\/\/demoiasoi.com\/index.php\/liberation-emotionnelle\/#breadcrumb"},"inLanguage":"fr-FR","potentialAction":[{"@type":"ReadAction","target":["https:\/\/demoiasoi.com\/index.php\/liberation-emotionnelle\/"]}]},{"@type":"ImageObject","inLanguage":"fr-FR","@id":"https:\/\/demoiasoi.com\/index.php\/liberation-emotionnelle\/#primaryimage","url":"https:\/\/demoiasoi.com\/wp-content\/uploads\/2025\/10\/Liberation-emotionnelle.jpg","contentUrl":"https:\/\/demoiasoi.com\/wp-content\/uploads\/2025\/10\/Liberation-emotionnelle.jpg","width":2121,"height":1414},{"@type":"BreadcrumbList","@id":"https:\/\/demoiasoi.com\/index.php\/liberation-emotionnelle\/#breadcrumb","itemListElement":[{"@type":"ListItem","position":1,"name":"Accueil","item":"https:\/\/demoiasoi.com\/"},{"@type":"ListItem","position":2,"name":"Lib\u00e9ration \u00e9motionnelle"}]},{"@type":"WebSite","@id":"https:\/\/demoiasoi.com\/#website","url":"https:\/\/demoiasoi.com\/","name":"De Moi \u00e0 Soi","description":"","publisher":{"@id":"https:\/\/demoiasoi.com\/#organization"},"potentialAction":[{"@type":"SearchAction","target":{"@type":"EntryPoint","urlTemplate":"https:\/\/demoiasoi.com\/?s={search_term_string}"},"query-input":{"@type":"PropertyValueSpecification","valueRequired":true,"valueName":"search_term_string"}}],"inLanguage":"fr-FR"},{"@type":"Organization","@id":"https:\/\/demoiasoi.com\/#organization","name":"De Moi \u00e0 Soi","url":"https:\/\/demoiasoi.com\/","logo":{"@type":"ImageObject","inLanguage":"fr-FR","@id":"https:\/\/demoiasoi.com\/#\/schema\/logo\/image\/","url":"https:\/\/demoiasoi.com\/wp-content\/uploads\/2025\/09\/Inspi-logoVF.png","contentUrl":"https:\/\/demoiasoi.com\/wp-content\/uploads\/2025\/09\/Inspi-logoVF.png","width":470,"height":530,"caption":"De Moi \u00e0 Soi"},"image":{"@id":"https:\/\/demoiasoi.com\/#\/schema\/logo\/image\/"}}]}},"_links":{"self":[{"href":"https:\/\/demoiasoi.com\/index.php\/wp-json\/wp\/v2\/pages\/58","targetHints":{"allow":["GET"]}}],"collection":[{"href":"https:\/\/demoiasoi.com\/index.php\/wp-json\/wp\/v2\/pages"}],"about":[{"href":"https:\/\/demoiasoi.com\/index.php\/wp-json\/wp\/v2\/types\/page"}],"author":[{"embeddable":true,"href":"https:\/\/demoiasoi.com\/index.php\/wp-json\/wp\/v2\/users\/1"}],"replies":[{"embeddable":true,"href":"https:\/\/demoiasoi.com\/index.php\/wp-json\/wp\/v2\/comments?post=58"}],"version-history":[{"count":14,"href":"https:\/\/demoiasoi.com\/index.php\/wp-json\/wp\/v2\/pages\/58\/revisions"}],"predecessor-version":[{"id":303,"href":"https:\/\/demoiasoi.com\/index.php\/wp-json\/wp\/v2\/pages\/58\/revisions\/303"}],"wp:attachment":[{"href":"https:\/\/demoiasoi.com\/index.php\/wp-json\/wp\/v2\/media?parent=58"}],"curies":[{"name":"wp","href":"https:\/\/api.w.org\/{rel}","templated":true}]}}