{"id":56,"date":"2025-10-01T09:25:35","date_gmt":"2025-10-01T07:25:35","guid":{"rendered":"https:\/\/demoiasoi.com\/?page_id=56"},"modified":"2025-10-13T17:05:01","modified_gmt":"2025-10-13T15:05:01","slug":"detoxification-detoxination-fluidique","status":"publish","type":"page","link":"https:\/\/demoiasoi.com\/index.php\/detoxification-detoxination-fluidique\/","title":{"rendered":"D\u00e9toxification, d\u00e9toxination fluidique"},"content":{"rendered":"\n<div class=\"wp-block-cover alignfull has-custom-content-position is-position-top-center has-aspect-ratio\" style=\"margin-top:0;margin-bottom:0;padding-top:0px;padding-right:2.6px;padding-bottom:0px;padding-left:2.6px;min-height:775px;aspect-ratio:auto;min-height:unset;\"><img fetchpriority=\"high\" decoding=\"async\" width=\"1024\" height=\"576\" class=\"wp-block-cover__image-background wp-image-300 size-large\" alt=\"D\u00e9toxification, d\u00e9toxination fluidique\" src=\"https:\/\/demoiasoi.com\/wp-content\/uploads\/2025\/10\/Detoxification-detoxination-fluidique-1024x576.jpg\" style=\"object-position:60% 32%\" data-object-fit=\"cover\" data-object-position=\"60% 32%\" srcset=\"https:\/\/demoiasoi.com\/wp-content\/uploads\/2025\/10\/Detoxification-detoxination-fluidique-1024x576.jpg 1024w, https:\/\/demoiasoi.com\/wp-content\/uploads\/2025\/10\/Detoxification-detoxination-fluidique-300x169.jpg 300w, https:\/\/demoiasoi.com\/wp-content\/uploads\/2025\/10\/Detoxification-detoxination-fluidique-768x432.jpg 768w, https:\/\/demoiasoi.com\/wp-content\/uploads\/2025\/10\/Detoxification-detoxination-fluidique-1536x864.jpg 1536w, https:\/\/demoiasoi.com\/wp-content\/uploads\/2025\/10\/Detoxification-detoxination-fluidique-2048x1152.jpg 2048w\" sizes=\"(max-width: 1024px) 100vw, 1024px\" \/><span aria-hidden=\"true\" class=\"wp-block-cover__background has-black-background-color has-background-dim\"><\/span><div class=\"wp-block-cover__inner-container has-global-padding is-layout-constrained wp-container-core-cover-is-layout-f33190fd wp-block-cover-is-layout-constrained\">\n<div style=\"height:100px\" aria-hidden=\"true\" class=\"wp-block-spacer\"><\/div>\n\n\n\n<h1 class=\"wp-block-heading\">D\u00e9toxification, d\u00e9toxination fluidique<\/h1>\n\n\n\n<div style=\"height:100px\" aria-hidden=\"true\" class=\"wp-block-spacer\"><\/div>\n<\/div><\/div>\n\n\n\n<div class=\"wp-block-group alignfull has-background-background-color has-background has-global-padding is-layout-constrained wp-block-group-is-layout-constrained\" style=\"margin-top:0px;margin-bottom:0px;padding-top:var(--wp--preset--spacing--xx-large);padding-bottom:var(--wp--preset--spacing--xx-large)\">\n<div class=\"wp-block-group alignwide is-layout-flow wp-block-group-is-layout-flow\">\n<div class=\"wp-block-columns is-layout-flex wp-container-core-columns-is-layout-28f84493 wp-block-columns-is-layout-flex\">\n<div class=\"wp-block-column is-layout-flow wp-block-column-is-layout-flow\">\n<p class=\"has-primary-color has-text-color has-base-font-size\">Le soin \u00ab\u00a0D\u00e9toxification, d\u00e9toxination fluidique\u00a0\u00bb<\/p>\n\n\n\n<h2 class=\"wp-block-heading has-x-large-font-size\" style=\"margin-top:0.25rem\">Qu&rsquo;est-ce que c&rsquo;est \u00ab\u00a0D\u00e9toxification, d\u00e9toxination fluidique\u00a0\u00bb ?<\/h2>\n<\/div>\n\n\n\n<div class=\"wp-block-column is-layout-flow wp-block-column-is-layout-flow\">\n<p>Le soin \u00ab&nbsp;D\u00e9toxification, d\u00e9toxination fluidique&nbsp;\u00bb vise \u00e0 nettoyer l\u2019organisme en nous concentrant sur la cause profonde.&nbsp; L\u2019intrusion d\u2019un \u00e9l\u00e9ment ext\u00e9rieur, comme un vaccin, une anesth\u00e9sie, des m\u00e9dicaments, l\u2019alcool, des m\u00e9taux lourds et m\u00eame un choc \u00e9motionnel peut d\u00e9s\u00e9quilibrer notre \u00e9nergie vitale. Heureusement, le corps humain est dot\u00e9 de remarquables m\u00e9canismes de r\u00e9g\u00e9n\u00e9ration et d\u2019\u00e9limination assur\u00e9s par des organes cl\u00e9s comme le foie et les reins, ainsi que par nos syst\u00e8mes \u00e9nerg\u00e9tiques. Cependant, face \u00e0 des d\u00e9s\u00e9quilibres majeurs, l\u2019organisme peut se retrouver satur\u00e9. Son \u00e9nergie vitale ne circule plus correctement, et son processus d\u2019\u00e9limination est entrav\u00e9. Le corps se surcharge alors de toxines, ce qui cr\u00e9e un terrain favorable aux maladies et aux divers troubles.<br><br>L\u2019objectif de ce soin est de nettoyer l\u2019organisme et les syst\u00e8mes \u00e9nerg\u00e9tiques, et de relancer l\u2019\u00e9nergie vitale. C\u2019est en la prot\u00e9geant que nous assurons la vitalit\u00e9, l\u2019\u00e9quilibre de notre corps sur le long terme.&nbsp;<\/p>\n\n\n\n<p class=\"has-quinary-color has-text-color has-link-color has-small-font-size wp-elements-291d7fee1f76c9e9a21cd2c6cc82763e\"><em>Cette technique \u00e9nerg\u00e9tique ne comporte&nbsp;aucune manipulation structurelle et n\u2019est pas une s\u00e9ance d\u2019ost\u00e9opathie telle que d\u00e9finie par le d\u00e9cret du 25 mars 2007. &nbsp;\u2028 Elle accompagne le travail de la m\u00e9decine conventionnelle sans jamais s\u2019y substituer. Il ne sera jamais demand\u00e9 au patient d\u2019agir sur ses traitements m\u00e9dicaux actuels et \u00e0 venir.&nbsp;<\/em><\/p>\n<\/div>\n<\/div>\n<\/div>\n<\/div>\n\n\n\n<div class=\"wp-block-group alignfull has-tertiary-background-color has-background has-global-padding is-layout-constrained wp-block-group-is-layout-constrained\" style=\"margin-top:0px;margin-bottom:0px;padding-top:var(--wp--preset--spacing--xx-large);padding-bottom:var(--wp--preset--spacing--xx-large)\">\n<div class=\"wp-block-group alignwide is-layout-flow wp-container-core-group-is-layout-d6743c7d wp-block-group-is-layout-flow\">\n<h2 class=\"wp-block-heading has-text-align-center has-x-large-font-size\">Contact<\/h2>\n\n\n\n<div class=\"wp-block-columns is-layout-flex wp-container-core-columns-is-layout-28f84493 wp-block-columns-is-layout-flex\">\n<div class=\"wp-block-column is-layout-flow wp-block-column-is-layout-flow\"><\/div>\n\n\n\n<div class=\"wp-block-column is-layout-flow wp-block-column-is-layout-flow\" style=\"flex-basis:720px\">\n<p class=\"has-text-align-center\" style=\"margin-top:var(--wp--preset--spacing--small)\">Parce que les soins ost\u00e9ofluidiques sont avant tout une aventure humaine, je reste \u00e0 votre disposition pour vous guider dans cette d\u00e9marche, Du Moi \u00e0 Soi.<\/p>\n\n\n\n<div class=\"wp-block-buttons is-content-justification-center is-layout-flex wp-container-core-buttons-is-layout-2af897fb wp-block-buttons-is-layout-flex\" style=\"margin-top:var(--wp--preset--spacing--medium)\">\n<div class=\"wp-block-button is-style-outline is-style-outline--1\"><a class=\"wp-block-button__link wp-element-button\" href=\"https:\/\/demoiasoi.com\/index.php\/contact\/\">Contact \u2192<\/a><\/div>\n<\/div>\n<\/div>\n\n\n\n<div class=\"wp-block-column is-layout-flow wp-block-column-is-layout-flow\"><\/div>\n<\/div>\n<\/div>\n<\/div>\n","protected":false},"excerpt":{"rendered":"<p>Le soin \u00ab\u00a0D\u00e9toxification, d\u00e9toxination fluidique\u00a0\u00bb Qu&rsquo;est-ce que c&rsquo;est \u00ab\u00a0D\u00e9toxification, d\u00e9toxination fluidique\u00a0\u00bb ? Le soin \u00ab&nbsp;D\u00e9toxification, d\u00e9toxination fluidique&nbsp;\u00bb vise \u00e0 nettoyer l\u2019organisme en nous concentrant sur la cause profonde.&nbsp; L\u2019intrusion d\u2019un \u00e9l\u00e9ment ext\u00e9rieur, comme un vaccin, une anesth\u00e9sie, des m\u00e9dicaments, l\u2019alcool, des m\u00e9taux lourds et m\u00eame un choc \u00e9motionnel peut d\u00e9s\u00e9quilibrer notre \u00e9nergie vitale. Heureusement, le [&hellip;]<\/p>\n","protected":false},"author":1,"featured_media":0,"parent":0,"menu_order":0,"comment_status":"closed","ping_status":"closed","template":"no-title-space","meta":{"footnotes":""},"class_list":["post-56","page","type-page","status-publish","hentry"],"yoast_head":"<!-- This site is optimized with the Yoast SEO plugin v26.0 - https:\/\/yoast.com\/wordpress\/plugins\/seo\/ -->\n<title>D\u00e9toxification, d\u00e9toxination fluidique - De Moi \u00e0 Soi<\/title>\n<meta name=\"description\" content=\"Le soin \u00ab D\u00e9toxication, d\u00e9toxication fluidique \u00bb vise \u00e0 nettoyer l\u2019organisme en nous concentrant sur la cause profonde.\" \/>\n<meta name=\"robots\" content=\"index, follow, max-snippet:-1, max-image-preview:large, max-video-preview:-1\" \/>\n<link rel=\"canonical\" href=\"https:\/\/demoiasoi.com\/index.php\/detoxification-detoxination-fluidique\/\" \/>\n<meta property=\"og:locale\" content=\"fr_FR\" \/>\n<meta property=\"og:type\" content=\"article\" \/>\n<meta property=\"og:title\" content=\"D\u00e9toxification, d\u00e9toxination fluidique - De Moi \u00e0 Soi\" \/>\n<meta property=\"og:description\" content=\"Le soin \u00ab D\u00e9toxication, d\u00e9toxication fluidique \u00bb vise \u00e0 nettoyer l\u2019organisme en nous concentrant sur la cause profonde.\" \/>\n<meta property=\"og:url\" content=\"https:\/\/demoiasoi.com\/index.php\/detoxification-detoxination-fluidique\/\" \/>\n<meta property=\"og:site_name\" content=\"De Moi \u00e0 Soi\" \/>\n<meta property=\"article:modified_time\" content=\"2025-10-13T15:05:01+00:00\" \/>\n<meta property=\"og:image\" content=\"https:\/\/demoiasoi.com\/wp-content\/uploads\/2025\/10\/Detoxification-detoxination-fluidique.jpg\" \/>\n\t<meta property=\"og:image:width\" content=\"2309\" \/>\n\t<meta property=\"og:image:height\" content=\"1299\" \/>\n\t<meta property=\"og:image:type\" content=\"image\/jpeg\" \/>\n<meta name=\"twitter:card\" content=\"summary_large_image\" \/>\n<meta name=\"twitter:label1\" content=\"Dur\u00e9e de lecture estim\u00e9e\" \/>\n\t<meta name=\"twitter:data1\" content=\"3 minutes\" \/>\n<script type=\"application\/ld+json\" class=\"yoast-schema-graph\">{\"@context\":\"https:\/\/schema.org\",\"@graph\":[{\"@type\":\"WebPage\",\"@id\":\"https:\/\/demoiasoi.com\/index.php\/detoxification-detoxination-fluidique\/\",\"url\":\"https:\/\/demoiasoi.com\/index.php\/detoxification-detoxination-fluidique\/\",\"name\":\"D\u00e9toxification, d\u00e9toxination fluidique - De Moi \u00e0 Soi\",\"isPartOf\":{\"@id\":\"https:\/\/demoiasoi.com\/#website\"},\"primaryImageOfPage\":{\"@id\":\"https:\/\/demoiasoi.com\/index.php\/detoxification-detoxination-fluidique\/#primaryimage\"},\"image\":{\"@id\":\"https:\/\/demoiasoi.com\/index.php\/detoxification-detoxination-fluidique\/#primaryimage\"},\"thumbnailUrl\":\"https:\/\/demoiasoi.com\/wp-content\/uploads\/2025\/10\/Detoxification-detoxination-fluidique-1024x576.jpg\",\"datePublished\":\"2025-10-01T07:25:35+00:00\",\"dateModified\":\"2025-10-13T15:05:01+00:00\",\"description\":\"Le soin \u00ab D\u00e9toxication, d\u00e9toxication fluidique \u00bb vise \u00e0 nettoyer l\u2019organisme en nous concentrant sur la cause profonde.\",\"breadcrumb\":{\"@id\":\"https:\/\/demoiasoi.com\/index.php\/detoxification-detoxination-fluidique\/#breadcrumb\"},\"inLanguage\":\"fr-FR\",\"potentialAction\":[{\"@type\":\"ReadAction\",\"target\":[\"https:\/\/demoiasoi.com\/index.php\/detoxification-detoxination-fluidique\/\"]}]},{\"@type\":\"ImageObject\",\"inLanguage\":\"fr-FR\",\"@id\":\"https:\/\/demoiasoi.com\/index.php\/detoxification-detoxination-fluidique\/#primaryimage\",\"url\":\"https:\/\/demoiasoi.com\/wp-content\/uploads\/2025\/10\/Detoxification-detoxination-fluidique.jpg\",\"contentUrl\":\"https:\/\/demoiasoi.com\/wp-content\/uploads\/2025\/10\/Detoxification-detoxination-fluidique.jpg\",\"width\":2309,\"height\":1299,\"caption\":\"Molecular Structure. Science background. 3D Render\"},{\"@type\":\"BreadcrumbList\",\"@id\":\"https:\/\/demoiasoi.com\/index.php\/detoxification-detoxination-fluidique\/#breadcrumb\",\"itemListElement\":[{\"@type\":\"ListItem\",\"position\":1,\"name\":\"Accueil\",\"item\":\"https:\/\/demoiasoi.com\/\"},{\"@type\":\"ListItem\",\"position\":2,\"name\":\"D\u00e9toxification, d\u00e9toxination fluidique\"}]},{\"@type\":\"WebSite\",\"@id\":\"https:\/\/demoiasoi.com\/#website\",\"url\":\"https:\/\/demoiasoi.com\/\",\"name\":\"De Moi \u00e0 Soi\",\"description\":\"\",\"publisher\":{\"@id\":\"https:\/\/demoiasoi.com\/#organization\"},\"potentialAction\":[{\"@type\":\"SearchAction\",\"target\":{\"@type\":\"EntryPoint\",\"urlTemplate\":\"https:\/\/demoiasoi.com\/?s={search_term_string}\"},\"query-input\":{\"@type\":\"PropertyValueSpecification\",\"valueRequired\":true,\"valueName\":\"search_term_string\"}}],\"inLanguage\":\"fr-FR\"},{\"@type\":\"Organization\",\"@id\":\"https:\/\/demoiasoi.com\/#organization\",\"name\":\"De Moi \u00e0 Soi\",\"url\":\"https:\/\/demoiasoi.com\/\",\"logo\":{\"@type\":\"ImageObject\",\"inLanguage\":\"fr-FR\",\"@id\":\"https:\/\/demoiasoi.com\/#\/schema\/logo\/image\/\",\"url\":\"https:\/\/demoiasoi.com\/wp-content\/uploads\/2025\/09\/Inspi-logoVF.png\",\"contentUrl\":\"https:\/\/demoiasoi.com\/wp-content\/uploads\/2025\/09\/Inspi-logoVF.png\",\"width\":470,\"height\":530,\"caption\":\"De Moi \u00e0 Soi\"},\"image\":{\"@id\":\"https:\/\/demoiasoi.com\/#\/schema\/logo\/image\/\"}}]}<\/script>\n<!-- \/ Yoast SEO plugin. -->","yoast_head_json":{"title":"D\u00e9toxification, d\u00e9toxination fluidique - De Moi \u00e0 Soi","description":"Le soin \u00ab D\u00e9toxication, d\u00e9toxication fluidique \u00bb vise \u00e0 nettoyer l\u2019organisme en nous concentrant sur la cause profonde.","robots":{"index":"index","follow":"follow","max-snippet":"max-snippet:-1","max-image-preview":"max-image-preview:large","max-video-preview":"max-video-preview:-1"},"canonical":"https:\/\/demoiasoi.com\/index.php\/detoxification-detoxination-fluidique\/","og_locale":"fr_FR","og_type":"article","og_title":"D\u00e9toxification, d\u00e9toxination fluidique - De Moi \u00e0 Soi","og_description":"Le soin \u00ab D\u00e9toxication, d\u00e9toxication fluidique \u00bb vise \u00e0 nettoyer l\u2019organisme en nous concentrant sur la cause profonde.","og_url":"https:\/\/demoiasoi.com\/index.php\/detoxification-detoxination-fluidique\/","og_site_name":"De Moi \u00e0 Soi","article_modified_time":"2025-10-13T15:05:01+00:00","og_image":[{"width":2309,"height":1299,"url":"https:\/\/demoiasoi.com\/wp-content\/uploads\/2025\/10\/Detoxification-detoxination-fluidique.jpg","type":"image\/jpeg"}],"twitter_card":"summary_large_image","twitter_misc":{"Dur\u00e9e de lecture estim\u00e9e":"3 minutes"},"schema":{"@context":"https:\/\/schema.org","@graph":[{"@type":"WebPage","@id":"https:\/\/demoiasoi.com\/index.php\/detoxification-detoxination-fluidique\/","url":"https:\/\/demoiasoi.com\/index.php\/detoxification-detoxination-fluidique\/","name":"D\u00e9toxification, d\u00e9toxination fluidique - De Moi \u00e0 Soi","isPartOf":{"@id":"https:\/\/demoiasoi.com\/#website"},"primaryImageOfPage":{"@id":"https:\/\/demoiasoi.com\/index.php\/detoxification-detoxination-fluidique\/#primaryimage"},"image":{"@id":"https:\/\/demoiasoi.com\/index.php\/detoxification-detoxination-fluidique\/#primaryimage"},"thumbnailUrl":"https:\/\/demoiasoi.com\/wp-content\/uploads\/2025\/10\/Detoxification-detoxination-fluidique-1024x576.jpg","datePublished":"2025-10-01T07:25:35+00:00","dateModified":"2025-10-13T15:05:01+00:00","description":"Le soin \u00ab D\u00e9toxication, d\u00e9toxication fluidique \u00bb vise \u00e0 nettoyer l\u2019organisme en nous concentrant sur la cause profonde.","breadcrumb":{"@id":"https:\/\/demoiasoi.com\/index.php\/detoxification-detoxination-fluidique\/#breadcrumb"},"inLanguage":"fr-FR","potentialAction":[{"@type":"ReadAction","target":["https:\/\/demoiasoi.com\/index.php\/detoxification-detoxination-fluidique\/"]}]},{"@type":"ImageObject","inLanguage":"fr-FR","@id":"https:\/\/demoiasoi.com\/index.php\/detoxification-detoxination-fluidique\/#primaryimage","url":"https:\/\/demoiasoi.com\/wp-content\/uploads\/2025\/10\/Detoxification-detoxination-fluidique.jpg","contentUrl":"https:\/\/demoiasoi.com\/wp-content\/uploads\/2025\/10\/Detoxification-detoxination-fluidique.jpg","width":2309,"height":1299,"caption":"Molecular Structure. Science background. 3D Render"},{"@type":"BreadcrumbList","@id":"https:\/\/demoiasoi.com\/index.php\/detoxification-detoxination-fluidique\/#breadcrumb","itemListElement":[{"@type":"ListItem","position":1,"name":"Accueil","item":"https:\/\/demoiasoi.com\/"},{"@type":"ListItem","position":2,"name":"D\u00e9toxification, d\u00e9toxination fluidique"}]},{"@type":"WebSite","@id":"https:\/\/demoiasoi.com\/#website","url":"https:\/\/demoiasoi.com\/","name":"De Moi \u00e0 Soi","description":"","publisher":{"@id":"https:\/\/demoiasoi.com\/#organization"},"potentialAction":[{"@type":"SearchAction","target":{"@type":"EntryPoint","urlTemplate":"https:\/\/demoiasoi.com\/?s={search_term_string}"},"query-input":{"@type":"PropertyValueSpecification","valueRequired":true,"valueName":"search_term_string"}}],"inLanguage":"fr-FR"},{"@type":"Organization","@id":"https:\/\/demoiasoi.com\/#organization","name":"De Moi \u00e0 Soi","url":"https:\/\/demoiasoi.com\/","logo":{"@type":"ImageObject","inLanguage":"fr-FR","@id":"https:\/\/demoiasoi.com\/#\/schema\/logo\/image\/","url":"https:\/\/demoiasoi.com\/wp-content\/uploads\/2025\/09\/Inspi-logoVF.png","contentUrl":"https:\/\/demoiasoi.com\/wp-content\/uploads\/2025\/09\/Inspi-logoVF.png","width":470,"height":530,"caption":"De Moi \u00e0 Soi"},"image":{"@id":"https:\/\/demoiasoi.com\/#\/schema\/logo\/image\/"}}]}},"_links":{"self":[{"href":"https:\/\/demoiasoi.com\/index.php\/wp-json\/wp\/v2\/pages\/56","targetHints":{"allow":["GET"]}}],"collection":[{"href":"https:\/\/demoiasoi.com\/index.php\/wp-json\/wp\/v2\/pages"}],"about":[{"href":"https:\/\/demoiasoi.com\/index.php\/wp-json\/wp\/v2\/types\/page"}],"author":[{"embeddable":true,"href":"https:\/\/demoiasoi.com\/index.php\/wp-json\/wp\/v2\/users\/1"}],"replies":[{"embeddable":true,"href":"https:\/\/demoiasoi.com\/index.php\/wp-json\/wp\/v2\/comments?post=56"}],"version-history":[{"count":12,"href":"https:\/\/demoiasoi.com\/index.php\/wp-json\/wp\/v2\/pages\/56\/revisions"}],"predecessor-version":[{"id":301,"href":"https:\/\/demoiasoi.com\/index.php\/wp-json\/wp\/v2\/pages\/56\/revisions\/301"}],"wp:attachment":[{"href":"https:\/\/demoiasoi.com\/index.php\/wp-json\/wp\/v2\/media?parent=56"}],"curies":[{"name":"wp","href":"https:\/\/api.w.org\/{rel}","templated":true}]}}