{"id":326,"date":"2025-10-20T12:21:31","date_gmt":"2025-10-20T10:21:31","guid":{"rendered":"https:\/\/demoiasoi.com\/?page_id=326"},"modified":"2026-01-06T11:19:17","modified_gmt":"2026-01-06T10:19:17","slug":"a-propos","status":"publish","type":"page","link":"https:\/\/demoiasoi.com\/index.php\/a-propos\/","title":{"rendered":"Qui suis-je ?"},"content":{"rendered":"\n<div class=\"wp-block-cover alignfull has-custom-content-position is-position-top-center has-aspect-ratio\" style=\"margin-top:0;margin-bottom:0;padding-top:0px;padding-right:2.6px;padding-bottom:0px;padding-left:2.6px;min-height:775px;aspect-ratio:auto;min-height:unset;\"><img fetchpriority=\"high\" decoding=\"async\" width=\"1024\" height=\"683\" class=\"wp-block-cover__image-background wp-image-31 size-large\" alt=\"\" src=\"https:\/\/demoiasoi.com\/wp-content\/uploads\/2025\/09\/pexels-cottonbro-9667516-1024x683.jpg\" style=\"object-position:90% 32%\" data-object-fit=\"cover\" data-object-position=\"90% 32%\" srcset=\"https:\/\/demoiasoi.com\/wp-content\/uploads\/2025\/09\/pexels-cottonbro-9667516-1024x683.jpg 1024w, https:\/\/demoiasoi.com\/wp-content\/uploads\/2025\/09\/pexels-cottonbro-9667516-300x200.jpg 300w, https:\/\/demoiasoi.com\/wp-content\/uploads\/2025\/09\/pexels-cottonbro-9667516-768x512.jpg 768w, https:\/\/demoiasoi.com\/wp-content\/uploads\/2025\/09\/pexels-cottonbro-9667516-1536x1024.jpg 1536w, https:\/\/demoiasoi.com\/wp-content\/uploads\/2025\/09\/pexels-cottonbro-9667516-2048x1365.jpg 2048w\" sizes=\"(max-width: 1024px) 100vw, 1024px\" \/><span aria-hidden=\"true\" class=\"wp-block-cover__background has-black-background-color has-background-dim\"><\/span><div class=\"wp-block-cover__inner-container has-global-padding is-layout-constrained wp-container-core-cover-is-layout-f33190fd wp-block-cover-is-layout-constrained\">\n<div style=\"height:100px\" aria-hidden=\"true\" class=\"wp-block-spacer\"><\/div>\n\n\n\n<h1 class=\"wp-block-heading\">Qui suis-je ?<\/h1>\n\n\n\n<div style=\"height:100px\" aria-hidden=\"true\" class=\"wp-block-spacer\"><\/div>\n<\/div><\/div>\n\n\n\n<div class=\"wp-block-group alignfull has-background-background-color has-background has-global-padding is-layout-constrained wp-block-group-is-layout-constrained\" style=\"margin-top:0px;margin-bottom:0px;padding-top:var(--wp--preset--spacing--xx-large);padding-bottom:var(--wp--preset--spacing--xx-large)\">\n<div class=\"wp-block-group alignwide is-layout-flow wp-block-group-is-layout-flow\">\n<div class=\"wp-block-columns is-layout-flex wp-container-core-columns-is-layout-28f84493 wp-block-columns-is-layout-flex\">\n<div class=\"wp-block-column is-layout-flow wp-block-column-is-layout-flow\">\n<h2 class=\"wp-block-heading has-x-large-font-size\" style=\"margin-top:0.25rem\">Qui suis-je ?<\/h2>\n<\/div>\n\n\n\n<div class=\"wp-block-column is-layout-flow wp-block-column-is-layout-flow\">\n<p>Mon parcours est l&rsquo;histoire d&rsquo;une r\u00e9v\u00e9lation.&nbsp;<\/p>\n\n\n\n<p>Pendant plus de vingt ans, j&rsquo;ai \u00e9volu\u00e9 dans le management, apprenant la r\u00e9silience. Mais c&rsquo;est l&rsquo;humain, l&rsquo;\u00e9change et la transmission qui m\u2019\u00e9taient les plus importants.<\/p>\n\n\n\n<p>Des exp\u00e9riences professionnelles et personnelles puissantes m&rsquo;ont appel\u00e9e \u00e0 regarder au plus profond de moi. C&rsquo;est dans cette qu\u00eate intime de sens que ma vocation est n\u00e9e : accompagner ceux qui cherchent leur propre harmonie.<\/p>\n\n\n\n<p>Je me suis tout d\u2019abord form\u00e9e \u00e0 l&rsquo;Intelligence Relationnelle, aux structures de caract\u00e8re et aux processus de transmutation. J&rsquo;ai ressenti, avec une clart\u00e9 bouleversante, qu&rsquo;une pi\u00e8ce essentielle manquait : Cette d\u00e9marche de lib\u00e9ration et de gu\u00e9rison ne peut se faire qu\u2019en Conscience, sur notre globalit\u00e9 ; \u00e0 savoir en synergie, sur les plans physiques, \u00e9motionnels, psychologiques et subtils : \u00ab Le Corps, l&rsquo;Ego, l&rsquo;\u00c2me et l&rsquo;Esprit \u00bb. D\u2019o\u00f9 ma formation en Ost\u00e9opathie Energ\u00e9tique Fluidique.<\/p>\n\n\n\n<p>Guid\u00e9e et connect\u00e9e, je vous accompagne vers votre propre lib\u00e9ration, votre gu\u00e9rison.&nbsp;<\/p>\n\n\n\n<p>Je suis l\u00e0, pr\u00eate \u00e0 accueillir votre histoire pour que vous puissiez enfin retrouver votre \u00e9quilibre int\u00e9rieur et votre lumi\u00e8re.<\/p>\n<\/div>\n<\/div>\n<\/div>\n<\/div>\n\n\n\n<div class=\"wp-block-group alignfull has-tertiary-background-color has-background has-global-padding is-layout-constrained wp-block-group-is-layout-constrained\" style=\"margin-top:0px;margin-bottom:0px;padding-top:var(--wp--preset--spacing--xx-large);padding-bottom:var(--wp--preset--spacing--xx-large)\">\n<div class=\"wp-block-group alignwide is-layout-flow wp-container-core-group-is-layout-d6743c7d wp-block-group-is-layout-flow\">\n<h2 class=\"wp-block-heading has-text-align-center has-x-large-font-size\">Contact<\/h2>\n\n\n\n<div class=\"wp-block-columns is-layout-flex wp-container-core-columns-is-layout-28f84493 wp-block-columns-is-layout-flex\">\n<div class=\"wp-block-column is-layout-flow wp-block-column-is-layout-flow\"><\/div>\n\n\n\n<div class=\"wp-block-column is-layout-flow wp-block-column-is-layout-flow\" style=\"flex-basis:720px\">\n<p class=\"has-text-align-center\" style=\"margin-top:var(--wp--preset--spacing--small)\">Parce que les soins ost\u00e9ofluidiques sont avant tout une aventure humaine, je reste \u00e0 votre disposition pour vous guider dans cette d\u00e9marche, Du Moi \u00e0 Soi.<\/p>\n\n\n\n<div class=\"wp-block-buttons is-content-justification-center is-layout-flex wp-container-core-buttons-is-layout-2af897fb wp-block-buttons-is-layout-flex\" style=\"margin-top:var(--wp--preset--spacing--medium)\">\n<div class=\"wp-block-button is-style-outline is-style-outline--1\"><a class=\"wp-block-button__link wp-element-button\" href=\"https:\/\/demoiasoi.com\/index.php\/contact\/\">Contact \u2192<\/a><\/div>\n<\/div>\n<\/div>\n\n\n\n<div class=\"wp-block-column is-layout-flow wp-block-column-is-layout-flow\"><\/div>\n<\/div>\n<\/div>\n<\/div>\n","protected":false},"excerpt":{"rendered":"<p>Qui suis-je ? Mon parcours est l&rsquo;histoire d&rsquo;une r\u00e9v\u00e9lation.&nbsp; Pendant plus de vingt ans, j&rsquo;ai \u00e9volu\u00e9 dans le management, apprenant la r\u00e9silience. Mais c&rsquo;est l&rsquo;humain, l&rsquo;\u00e9change et la transmission qui m\u2019\u00e9taient les plus importants. Des exp\u00e9riences professionnelles et personnelles puissantes m&rsquo;ont appel\u00e9e \u00e0 regarder au plus profond de moi. C&rsquo;est dans cette qu\u00eate intime de [&hellip;]<\/p>\n","protected":false},"author":1,"featured_media":0,"parent":0,"menu_order":0,"comment_status":"closed","ping_status":"closed","template":"no-title-space","meta":{"footnotes":""},"class_list":["post-326","page","type-page","status-publish","hentry"],"yoast_head":"<!-- This site is optimized with the Yoast SEO plugin v26.0 - https:\/\/yoast.com\/wordpress\/plugins\/seo\/ -->\n<title>Qui suis-je ? - De Moi \u00e0 Soi<\/title>\n<meta name=\"description\" content=\"A propos - J&#039;ai suivi une formation en Ost\u00e9opathie Energ\u00e9tique Fluidique. Guid\u00e9e et connect\u00e9e, je vous accompagne vers votre lib\u00e9ration.\" \/>\n<meta name=\"robots\" content=\"index, follow, max-snippet:-1, max-image-preview:large, max-video-preview:-1\" \/>\n<link rel=\"canonical\" href=\"https:\/\/demoiasoi.com\/index.php\/a-propos\/\" \/>\n<meta property=\"og:locale\" content=\"fr_FR\" \/>\n<meta property=\"og:type\" content=\"article\" \/>\n<meta property=\"og:title\" content=\"Qui suis-je ? - De Moi \u00e0 Soi\" \/>\n<meta property=\"og:description\" content=\"A propos - J&#039;ai suivi une formation en Ost\u00e9opathie Energ\u00e9tique Fluidique. Guid\u00e9e et connect\u00e9e, je vous accompagne vers votre lib\u00e9ration.\" \/>\n<meta property=\"og:url\" content=\"https:\/\/demoiasoi.com\/index.php\/a-propos\/\" \/>\n<meta property=\"og:site_name\" content=\"De Moi \u00e0 Soi\" \/>\n<meta property=\"article:modified_time\" content=\"2026-01-06T10:19:17+00:00\" \/>\n<meta property=\"og:image\" content=\"https:\/\/demoiasoi.com\/wp-content\/uploads\/2025\/09\/pexels-cottonbro-9667516-scaled.jpg\" \/>\n\t<meta property=\"og:image:width\" content=\"2560\" \/>\n\t<meta property=\"og:image:height\" content=\"1706\" \/>\n\t<meta property=\"og:image:type\" content=\"image\/jpeg\" \/>\n<meta name=\"twitter:card\" content=\"summary_large_image\" \/>\n<meta name=\"twitter:label1\" content=\"Dur\u00e9e de lecture estim\u00e9e\" \/>\n\t<meta name=\"twitter:data1\" content=\"2 minutes\" \/>\n<script type=\"application\/ld+json\" class=\"yoast-schema-graph\">{\"@context\":\"https:\/\/schema.org\",\"@graph\":[{\"@type\":\"WebPage\",\"@id\":\"https:\/\/demoiasoi.com\/index.php\/a-propos\/\",\"url\":\"https:\/\/demoiasoi.com\/index.php\/a-propos\/\",\"name\":\"Qui suis-je ? - De Moi \u00e0 Soi\",\"isPartOf\":{\"@id\":\"https:\/\/demoiasoi.com\/#website\"},\"primaryImageOfPage\":{\"@id\":\"https:\/\/demoiasoi.com\/index.php\/a-propos\/#primaryimage\"},\"image\":{\"@id\":\"https:\/\/demoiasoi.com\/index.php\/a-propos\/#primaryimage\"},\"thumbnailUrl\":\"https:\/\/demoiasoi.com\/wp-content\/uploads\/2025\/09\/pexels-cottonbro-9667516-1024x683.jpg\",\"datePublished\":\"2025-10-20T10:21:31+00:00\",\"dateModified\":\"2026-01-06T10:19:17+00:00\",\"description\":\"A propos - J'ai suivi une formation en Ost\u00e9opathie Energ\u00e9tique Fluidique. Guid\u00e9e et connect\u00e9e, je vous accompagne vers votre lib\u00e9ration.\",\"breadcrumb\":{\"@id\":\"https:\/\/demoiasoi.com\/index.php\/a-propos\/#breadcrumb\"},\"inLanguage\":\"fr-FR\",\"potentialAction\":[{\"@type\":\"ReadAction\",\"target\":[\"https:\/\/demoiasoi.com\/index.php\/a-propos\/\"]}]},{\"@type\":\"ImageObject\",\"inLanguage\":\"fr-FR\",\"@id\":\"https:\/\/demoiasoi.com\/index.php\/a-propos\/#primaryimage\",\"url\":\"https:\/\/demoiasoi.com\/wp-content\/uploads\/2025\/09\/pexels-cottonbro-9667516-scaled.jpg\",\"contentUrl\":\"https:\/\/demoiasoi.com\/wp-content\/uploads\/2025\/09\/pexels-cottonbro-9667516-scaled.jpg\",\"width\":2560,\"height\":1706},{\"@type\":\"BreadcrumbList\",\"@id\":\"https:\/\/demoiasoi.com\/index.php\/a-propos\/#breadcrumb\",\"itemListElement\":[{\"@type\":\"ListItem\",\"position\":1,\"name\":\"Accueil\",\"item\":\"https:\/\/demoiasoi.com\/\"},{\"@type\":\"ListItem\",\"position\":2,\"name\":\"Qui suis-je ?\"}]},{\"@type\":\"WebSite\",\"@id\":\"https:\/\/demoiasoi.com\/#website\",\"url\":\"https:\/\/demoiasoi.com\/\",\"name\":\"De Moi \u00e0 Soi\",\"description\":\"\",\"publisher\":{\"@id\":\"https:\/\/demoiasoi.com\/#organization\"},\"potentialAction\":[{\"@type\":\"SearchAction\",\"target\":{\"@type\":\"EntryPoint\",\"urlTemplate\":\"https:\/\/demoiasoi.com\/?s={search_term_string}\"},\"query-input\":{\"@type\":\"PropertyValueSpecification\",\"valueRequired\":true,\"valueName\":\"search_term_string\"}}],\"inLanguage\":\"fr-FR\"},{\"@type\":\"Organization\",\"@id\":\"https:\/\/demoiasoi.com\/#organization\",\"name\":\"De Moi \u00e0 Soi\",\"url\":\"https:\/\/demoiasoi.com\/\",\"logo\":{\"@type\":\"ImageObject\",\"inLanguage\":\"fr-FR\",\"@id\":\"https:\/\/demoiasoi.com\/#\/schema\/logo\/image\/\",\"url\":\"https:\/\/demoiasoi.com\/wp-content\/uploads\/2025\/09\/Inspi-logoVF.png\",\"contentUrl\":\"https:\/\/demoiasoi.com\/wp-content\/uploads\/2025\/09\/Inspi-logoVF.png\",\"width\":470,\"height\":530,\"caption\":\"De Moi \u00e0 Soi\"},\"image\":{\"@id\":\"https:\/\/demoiasoi.com\/#\/schema\/logo\/image\/\"}}]}<\/script>\n<!-- \/ Yoast SEO plugin. -->","yoast_head_json":{"title":"Qui suis-je ? - De Moi \u00e0 Soi","description":"A propos - J'ai suivi une formation en Ost\u00e9opathie Energ\u00e9tique Fluidique. Guid\u00e9e et connect\u00e9e, je vous accompagne vers votre lib\u00e9ration.","robots":{"index":"index","follow":"follow","max-snippet":"max-snippet:-1","max-image-preview":"max-image-preview:large","max-video-preview":"max-video-preview:-1"},"canonical":"https:\/\/demoiasoi.com\/index.php\/a-propos\/","og_locale":"fr_FR","og_type":"article","og_title":"Qui suis-je ? - De Moi \u00e0 Soi","og_description":"A propos - J'ai suivi une formation en Ost\u00e9opathie Energ\u00e9tique Fluidique. Guid\u00e9e et connect\u00e9e, je vous accompagne vers votre lib\u00e9ration.","og_url":"https:\/\/demoiasoi.com\/index.php\/a-propos\/","og_site_name":"De Moi \u00e0 Soi","article_modified_time":"2026-01-06T10:19:17+00:00","og_image":[{"width":2560,"height":1706,"url":"https:\/\/demoiasoi.com\/wp-content\/uploads\/2025\/09\/pexels-cottonbro-9667516-scaled.jpg","type":"image\/jpeg"}],"twitter_card":"summary_large_image","twitter_misc":{"Dur\u00e9e de lecture estim\u00e9e":"2 minutes"},"schema":{"@context":"https:\/\/schema.org","@graph":[{"@type":"WebPage","@id":"https:\/\/demoiasoi.com\/index.php\/a-propos\/","url":"https:\/\/demoiasoi.com\/index.php\/a-propos\/","name":"Qui suis-je ? - De Moi \u00e0 Soi","isPartOf":{"@id":"https:\/\/demoiasoi.com\/#website"},"primaryImageOfPage":{"@id":"https:\/\/demoiasoi.com\/index.php\/a-propos\/#primaryimage"},"image":{"@id":"https:\/\/demoiasoi.com\/index.php\/a-propos\/#primaryimage"},"thumbnailUrl":"https:\/\/demoiasoi.com\/wp-content\/uploads\/2025\/09\/pexels-cottonbro-9667516-1024x683.jpg","datePublished":"2025-10-20T10:21:31+00:00","dateModified":"2026-01-06T10:19:17+00:00","description":"A propos - J'ai suivi une formation en Ost\u00e9opathie Energ\u00e9tique Fluidique. Guid\u00e9e et connect\u00e9e, je vous accompagne vers votre lib\u00e9ration.","breadcrumb":{"@id":"https:\/\/demoiasoi.com\/index.php\/a-propos\/#breadcrumb"},"inLanguage":"fr-FR","potentialAction":[{"@type":"ReadAction","target":["https:\/\/demoiasoi.com\/index.php\/a-propos\/"]}]},{"@type":"ImageObject","inLanguage":"fr-FR","@id":"https:\/\/demoiasoi.com\/index.php\/a-propos\/#primaryimage","url":"https:\/\/demoiasoi.com\/wp-content\/uploads\/2025\/09\/pexels-cottonbro-9667516-scaled.jpg","contentUrl":"https:\/\/demoiasoi.com\/wp-content\/uploads\/2025\/09\/pexels-cottonbro-9667516-scaled.jpg","width":2560,"height":1706},{"@type":"BreadcrumbList","@id":"https:\/\/demoiasoi.com\/index.php\/a-propos\/#breadcrumb","itemListElement":[{"@type":"ListItem","position":1,"name":"Accueil","item":"https:\/\/demoiasoi.com\/"},{"@type":"ListItem","position":2,"name":"Qui suis-je ?"}]},{"@type":"WebSite","@id":"https:\/\/demoiasoi.com\/#website","url":"https:\/\/demoiasoi.com\/","name":"De Moi \u00e0 Soi","description":"","publisher":{"@id":"https:\/\/demoiasoi.com\/#organization"},"potentialAction":[{"@type":"SearchAction","target":{"@type":"EntryPoint","urlTemplate":"https:\/\/demoiasoi.com\/?s={search_term_string}"},"query-input":{"@type":"PropertyValueSpecification","valueRequired":true,"valueName":"search_term_string"}}],"inLanguage":"fr-FR"},{"@type":"Organization","@id":"https:\/\/demoiasoi.com\/#organization","name":"De Moi \u00e0 Soi","url":"https:\/\/demoiasoi.com\/","logo":{"@type":"ImageObject","inLanguage":"fr-FR","@id":"https:\/\/demoiasoi.com\/#\/schema\/logo\/image\/","url":"https:\/\/demoiasoi.com\/wp-content\/uploads\/2025\/09\/Inspi-logoVF.png","contentUrl":"https:\/\/demoiasoi.com\/wp-content\/uploads\/2025\/09\/Inspi-logoVF.png","width":470,"height":530,"caption":"De Moi \u00e0 Soi"},"image":{"@id":"https:\/\/demoiasoi.com\/#\/schema\/logo\/image\/"}}]}},"_links":{"self":[{"href":"https:\/\/demoiasoi.com\/index.php\/wp-json\/wp\/v2\/pages\/326","targetHints":{"allow":["GET"]}}],"collection":[{"href":"https:\/\/demoiasoi.com\/index.php\/wp-json\/wp\/v2\/pages"}],"about":[{"href":"https:\/\/demoiasoi.com\/index.php\/wp-json\/wp\/v2\/types\/page"}],"author":[{"embeddable":true,"href":"https:\/\/demoiasoi.com\/index.php\/wp-json\/wp\/v2\/users\/1"}],"replies":[{"embeddable":true,"href":"https:\/\/demoiasoi.com\/index.php\/wp-json\/wp\/v2\/comments?post=326"}],"version-history":[{"count":7,"href":"https:\/\/demoiasoi.com\/index.php\/wp-json\/wp\/v2\/pages\/326\/revisions"}],"predecessor-version":[{"id":340,"href":"https:\/\/demoiasoi.com\/index.php\/wp-json\/wp\/v2\/pages\/326\/revisions\/340"}],"wp:attachment":[{"href":"https:\/\/demoiasoi.com\/index.php\/wp-json\/wp\/v2\/media?parent=326"}],"curies":[{"name":"wp","href":"https:\/\/api.w.org\/{rel}","templated":true}]}}