{"id":243,"date":"2025-10-02T19:27:52","date_gmt":"2025-10-02T17:27:52","guid":{"rendered":"https:\/\/demoiasoi.com\/?page_id=243"},"modified":"2025-10-02T19:27:52","modified_gmt":"2025-10-02T17:27:52","slug":"politique-de-cookies","status":"publish","type":"page","link":"https:\/\/demoiasoi.com\/index.php\/politique-de-cookies\/","title":{"rendered":"Politique de cookies"},"content":{"rendered":"\n<p><em>Derni\u00e8re mise \u00e0 jour : 01\/10\/2025<\/em><\/p>\n\n\n\n<h3 class=\"wp-block-heading\">1. Que sont les cookies ?<\/h3>\n\n\n\n<p>Un&nbsp;<strong>cookie<\/strong>&nbsp;est un petit fichier texte stock\u00e9 sur le terminal de l\u2019utilisateur (ordinateur, mobile, tablette) lors de la visite d\u2019un site internet. Il permet au site de&nbsp;<strong>reconna\u00eetre l\u2019utilisateur<\/strong>, de&nbsp;<strong>m\u00e9moriser ses pr\u00e9f\u00e9rences<\/strong>&nbsp;ou de&nbsp;<strong>suivre sa navigation<\/strong>&nbsp;\u00e0 des fins diverses.<\/p>\n\n\n\n<h3 class=\"wp-block-heading\">2. Utilisation des cookies sur ce site<\/h3>\n\n\n\n<p>Le pr\u00e9sent site ne d\u00e9pose&nbsp;<strong>aucun cookie soumis \u00e0 consentement<\/strong>, tel que :<\/p>\n\n\n\n<ul class=\"wp-block-list\">\n<li>Cookies de mesure d\u2019audience (ex. : Google Analytics)<\/li>\n\n\n\n<li>Cookies publicitaires ou marketing<\/li>\n\n\n\n<li>Cookies de r\u00e9seaux sociaux<\/li>\n\n\n\n<li>Traceurs tiers de navigation<\/li>\n<\/ul>\n\n\n\n<p>Seuls des cookies&nbsp;<strong>techniquement n\u00e9cessaires<\/strong>&nbsp;au bon fonctionnement du site peuvent \u00e9ventuellement \u00eatre utilis\u00e9s de mani\u00e8re temporaire, notamment pour :<\/p>\n\n\n\n<ul class=\"wp-block-list\">\n<li>Assurer la s\u00e9curit\u00e9 du site<\/li>\n\n\n\n<li>G\u00e9rer les sessions utilisateurs (uniquement pour l\u2019administration du site)<\/li>\n<\/ul>\n\n\n\n<p>Ces cookies&nbsp;<strong>ne requi\u00e8rent pas de consentement pr\u00e9alable<\/strong>, conform\u00e9ment aux directives de la CNIL.<\/p>\n\n\n\n<h3 class=\"wp-block-heading\">3. Gestion des cookies<\/h3>\n\n\n\n<p>L&rsquo;utilisateur n&rsquo;a pas besoin de configurer ses pr\u00e9f\u00e9rences sur ce site, car&nbsp;<strong>aucun cookie non essentiel n\u2019est utilis\u00e9<\/strong>.<\/p>\n\n\n\n<p>Si vous souhaitez en savoir plus sur la gestion des cookies en g\u00e9n\u00e9ral, vous pouvez consulter les liens suivants :<\/p>\n\n\n\n<ul class=\"wp-block-list\">\n<li>CNIL :\u00a0<a href=\"https:\/\/www.cnil.fr\/fr\/cookies-et-autres-traceurs\" target=\"_blank\" rel=\"noreferrer noopener\">https:\/\/www.cnil.fr\/fr\/cookies-et-autres-traceurs <\/a><\/li>\n\n\n\n<li>Guide de param\u00e9trage des navigateurs :\u00a0<a href=\"https:\/\/www.cnil.fr\/fr\/cookies-les-outils-pour-les-maitriser\" target=\"_blank\" rel=\"noreferrer noopener\">https:\/\/www.cnil.fr\/fr\/cookies-les-outils-pour-les-maitriser <\/a><\/li>\n<\/ul>\n\n\n\n<h3 class=\"wp-block-heading\">4. Contact<\/h3>\n\n\n\n<p>Pour toute question relative \u00e0 cette politique de cookies, vous pouvez nous contacter \u00e0 :<br>\ud83d\udce7\u00a0<a>lemaissin@gmail.com<\/a><\/p>\n\n\n\n<p><\/p>\n","protected":false},"excerpt":{"rendered":"<p>Derni\u00e8re mise \u00e0 jour : 01\/10\/2025 1. Que sont les cookies ? Un&nbsp;cookie&nbsp;est un petit fichier texte stock\u00e9 sur le terminal de l\u2019utilisateur (ordinateur, mobile, tablette) lors de la visite d\u2019un site internet. Il permet au site de&nbsp;reconna\u00eetre l\u2019utilisateur, de&nbsp;m\u00e9moriser ses pr\u00e9f\u00e9rences&nbsp;ou de&nbsp;suivre sa navigation&nbsp;\u00e0 des fins diverses. 2. Utilisation des cookies sur ce site [&hellip;]<\/p>\n","protected":false},"author":1,"featured_media":0,"parent":0,"menu_order":0,"comment_status":"closed","ping_status":"closed","template":"","meta":{"footnotes":""},"class_list":["post-243","page","type-page","status-publish","hentry"],"yoast_head":"<!-- This site is optimized with the Yoast SEO plugin v26.0 - https:\/\/yoast.com\/wordpress\/plugins\/seo\/ -->\n<title>Politique de cookies - De Moi \u00e0 Soi<\/title>\n<meta name=\"robots\" content=\"index, follow, max-snippet:-1, max-image-preview:large, max-video-preview:-1\" \/>\n<link rel=\"canonical\" href=\"https:\/\/demoiasoi.com\/index.php\/politique-de-cookies\/\" \/>\n<meta property=\"og:locale\" content=\"fr_FR\" \/>\n<meta property=\"og:type\" content=\"article\" \/>\n<meta property=\"og:title\" content=\"Politique de cookies - De Moi \u00e0 Soi\" \/>\n<meta property=\"og:description\" content=\"Derni\u00e8re mise \u00e0 jour : 01\/10\/2025 1. Que sont les cookies ? Un&nbsp;cookie&nbsp;est un petit fichier texte stock\u00e9 sur le terminal de l\u2019utilisateur (ordinateur, mobile, tablette) lors de la visite d\u2019un site internet. Il permet au site de&nbsp;reconna\u00eetre l\u2019utilisateur, de&nbsp;m\u00e9moriser ses pr\u00e9f\u00e9rences&nbsp;ou de&nbsp;suivre sa navigation&nbsp;\u00e0 des fins diverses. 2. Utilisation des cookies sur ce site [&hellip;]\" \/>\n<meta property=\"og:url\" content=\"https:\/\/demoiasoi.com\/index.php\/politique-de-cookies\/\" \/>\n<meta property=\"og:site_name\" content=\"De Moi \u00e0 Soi\" \/>\n<meta name=\"twitter:card\" content=\"summary_large_image\" \/>\n<meta name=\"twitter:label1\" content=\"Dur\u00e9e de lecture estim\u00e9e\" \/>\n\t<meta name=\"twitter:data1\" content=\"2 minutes\" \/>\n<script type=\"application\/ld+json\" class=\"yoast-schema-graph\">{\"@context\":\"https:\/\/schema.org\",\"@graph\":[{\"@type\":\"WebPage\",\"@id\":\"https:\/\/demoiasoi.com\/index.php\/politique-de-cookies\/\",\"url\":\"https:\/\/demoiasoi.com\/index.php\/politique-de-cookies\/\",\"name\":\"Politique de cookies - De Moi \u00e0 Soi\",\"isPartOf\":{\"@id\":\"https:\/\/demoiasoi.com\/#website\"},\"datePublished\":\"2025-10-02T17:27:52+00:00\",\"breadcrumb\":{\"@id\":\"https:\/\/demoiasoi.com\/index.php\/politique-de-cookies\/#breadcrumb\"},\"inLanguage\":\"fr-FR\",\"potentialAction\":[{\"@type\":\"ReadAction\",\"target\":[\"https:\/\/demoiasoi.com\/index.php\/politique-de-cookies\/\"]}]},{\"@type\":\"BreadcrumbList\",\"@id\":\"https:\/\/demoiasoi.com\/index.php\/politique-de-cookies\/#breadcrumb\",\"itemListElement\":[{\"@type\":\"ListItem\",\"position\":1,\"name\":\"Accueil\",\"item\":\"https:\/\/demoiasoi.com\/\"},{\"@type\":\"ListItem\",\"position\":2,\"name\":\"Politique de cookies\"}]},{\"@type\":\"WebSite\",\"@id\":\"https:\/\/demoiasoi.com\/#website\",\"url\":\"https:\/\/demoiasoi.com\/\",\"name\":\"De Moi \u00e0 Soi\",\"description\":\"\",\"publisher\":{\"@id\":\"https:\/\/demoiasoi.com\/#organization\"},\"potentialAction\":[{\"@type\":\"SearchAction\",\"target\":{\"@type\":\"EntryPoint\",\"urlTemplate\":\"https:\/\/demoiasoi.com\/?s={search_term_string}\"},\"query-input\":{\"@type\":\"PropertyValueSpecification\",\"valueRequired\":true,\"valueName\":\"search_term_string\"}}],\"inLanguage\":\"fr-FR\"},{\"@type\":\"Organization\",\"@id\":\"https:\/\/demoiasoi.com\/#organization\",\"name\":\"De Moi \u00e0 Soi\",\"url\":\"https:\/\/demoiasoi.com\/\",\"logo\":{\"@type\":\"ImageObject\",\"inLanguage\":\"fr-FR\",\"@id\":\"https:\/\/demoiasoi.com\/#\/schema\/logo\/image\/\",\"url\":\"https:\/\/demoiasoi.com\/wp-content\/uploads\/2025\/09\/Inspi-logoVF.png\",\"contentUrl\":\"https:\/\/demoiasoi.com\/wp-content\/uploads\/2025\/09\/Inspi-logoVF.png\",\"width\":470,\"height\":530,\"caption\":\"De Moi \u00e0 Soi\"},\"image\":{\"@id\":\"https:\/\/demoiasoi.com\/#\/schema\/logo\/image\/\"}}]}<\/script>\n<!-- \/ Yoast SEO plugin. -->","yoast_head_json":{"title":"Politique de cookies - De Moi \u00e0 Soi","robots":{"index":"index","follow":"follow","max-snippet":"max-snippet:-1","max-image-preview":"max-image-preview:large","max-video-preview":"max-video-preview:-1"},"canonical":"https:\/\/demoiasoi.com\/index.php\/politique-de-cookies\/","og_locale":"fr_FR","og_type":"article","og_title":"Politique de cookies - De Moi \u00e0 Soi","og_description":"Derni\u00e8re mise \u00e0 jour : 01\/10\/2025 1. Que sont les cookies ? Un&nbsp;cookie&nbsp;est un petit fichier texte stock\u00e9 sur le terminal de l\u2019utilisateur (ordinateur, mobile, tablette) lors de la visite d\u2019un site internet. Il permet au site de&nbsp;reconna\u00eetre l\u2019utilisateur, de&nbsp;m\u00e9moriser ses pr\u00e9f\u00e9rences&nbsp;ou de&nbsp;suivre sa navigation&nbsp;\u00e0 des fins diverses. 2. Utilisation des cookies sur ce site [&hellip;]","og_url":"https:\/\/demoiasoi.com\/index.php\/politique-de-cookies\/","og_site_name":"De Moi \u00e0 Soi","twitter_card":"summary_large_image","twitter_misc":{"Dur\u00e9e de lecture estim\u00e9e":"2 minutes"},"schema":{"@context":"https:\/\/schema.org","@graph":[{"@type":"WebPage","@id":"https:\/\/demoiasoi.com\/index.php\/politique-de-cookies\/","url":"https:\/\/demoiasoi.com\/index.php\/politique-de-cookies\/","name":"Politique de cookies - De Moi \u00e0 Soi","isPartOf":{"@id":"https:\/\/demoiasoi.com\/#website"},"datePublished":"2025-10-02T17:27:52+00:00","breadcrumb":{"@id":"https:\/\/demoiasoi.com\/index.php\/politique-de-cookies\/#breadcrumb"},"inLanguage":"fr-FR","potentialAction":[{"@type":"ReadAction","target":["https:\/\/demoiasoi.com\/index.php\/politique-de-cookies\/"]}]},{"@type":"BreadcrumbList","@id":"https:\/\/demoiasoi.com\/index.php\/politique-de-cookies\/#breadcrumb","itemListElement":[{"@type":"ListItem","position":1,"name":"Accueil","item":"https:\/\/demoiasoi.com\/"},{"@type":"ListItem","position":2,"name":"Politique de cookies"}]},{"@type":"WebSite","@id":"https:\/\/demoiasoi.com\/#website","url":"https:\/\/demoiasoi.com\/","name":"De Moi \u00e0 Soi","description":"","publisher":{"@id":"https:\/\/demoiasoi.com\/#organization"},"potentialAction":[{"@type":"SearchAction","target":{"@type":"EntryPoint","urlTemplate":"https:\/\/demoiasoi.com\/?s={search_term_string}"},"query-input":{"@type":"PropertyValueSpecification","valueRequired":true,"valueName":"search_term_string"}}],"inLanguage":"fr-FR"},{"@type":"Organization","@id":"https:\/\/demoiasoi.com\/#organization","name":"De Moi \u00e0 Soi","url":"https:\/\/demoiasoi.com\/","logo":{"@type":"ImageObject","inLanguage":"fr-FR","@id":"https:\/\/demoiasoi.com\/#\/schema\/logo\/image\/","url":"https:\/\/demoiasoi.com\/wp-content\/uploads\/2025\/09\/Inspi-logoVF.png","contentUrl":"https:\/\/demoiasoi.com\/wp-content\/uploads\/2025\/09\/Inspi-logoVF.png","width":470,"height":530,"caption":"De Moi \u00e0 Soi"},"image":{"@id":"https:\/\/demoiasoi.com\/#\/schema\/logo\/image\/"}}]}},"_links":{"self":[{"href":"https:\/\/demoiasoi.com\/index.php\/wp-json\/wp\/v2\/pages\/243","targetHints":{"allow":["GET"]}}],"collection":[{"href":"https:\/\/demoiasoi.com\/index.php\/wp-json\/wp\/v2\/pages"}],"about":[{"href":"https:\/\/demoiasoi.com\/index.php\/wp-json\/wp\/v2\/types\/page"}],"author":[{"embeddable":true,"href":"https:\/\/demoiasoi.com\/index.php\/wp-json\/wp\/v2\/users\/1"}],"replies":[{"embeddable":true,"href":"https:\/\/demoiasoi.com\/index.php\/wp-json\/wp\/v2\/comments?post=243"}],"version-history":[{"count":1,"href":"https:\/\/demoiasoi.com\/index.php\/wp-json\/wp\/v2\/pages\/243\/revisions"}],"predecessor-version":[{"id":244,"href":"https:\/\/demoiasoi.com\/index.php\/wp-json\/wp\/v2\/pages\/243\/revisions\/244"}],"wp:attachment":[{"href":"https:\/\/demoiasoi.com\/index.php\/wp-json\/wp\/v2\/media?parent=243"}],"curies":[{"name":"wp","href":"https:\/\/api.w.org\/{rel}","templated":true}]}}