{"id":239,"date":"2025-10-02T19:18:00","date_gmt":"2025-10-02T17:18:00","guid":{"rendered":"https:\/\/demoiasoi.com\/?page_id=239"},"modified":"2025-10-13T16:56:45","modified_gmt":"2025-10-13T14:56:45","slug":"mentions-legales","status":"publish","type":"page","link":"https:\/\/demoiasoi.com\/index.php\/mentions-legales\/","title":{"rendered":"Mentions l\u00e9gales"},"content":{"rendered":"\n<p><em>Derni\u00e8re mise \u00e0 jour : 10\/10\/2025<\/em><\/p>\n\n\n\n<h3 class=\"wp-block-heading\">1. \u00c9diteur du site<\/h3>\n\n\n\n<p>Le pr\u00e9sent site est \u00e9dit\u00e9 par :<\/p>\n\n\n\n<ul class=\"wp-block-list\">\n<li><strong>Nom de l\u2019entreprise \/ du responsable<\/strong>&nbsp;:&nbsp;Nora Lemaissi &#8211; De Moi \u00e0 Soi<\/li>\n\n\n\n<li><strong>Forme juridique<\/strong>\u00a0:\u00a0Entrepreneur individuel<\/li>\n\n\n\n<li><strong>Capital social<\/strong>\u00a0:\u00a00 \u20ac<\/li>\n\n\n\n<li><strong>Si\u00e8ge social<\/strong>\u00a0:\u00a015 all\u00e9e du Ch\u00e2teau, 69780 MIONS, France<\/li>\n\n\n\n<li><strong>Num\u00e9ro SIRET<\/strong>\u00a0:\u00a094249385900014<\/li>\n\n\n\n<li><strong>Num\u00e9ro TVA intracommunautaire<\/strong>\u00a0:\u00a0FR71942493859<\/li>\n<\/ul>\n\n\n\n<h3 class=\"wp-block-heading\">2. Directeur de la publication<\/h3>\n\n\n\n<ul class=\"wp-block-list\">\n<li><strong>Nom<\/strong>&nbsp;:&nbsp;Nora Lemaissi<\/li>\n\n\n\n<li><strong>Email de contact<\/strong>&nbsp;:&nbsp;<a>lemaissin@gmail.com<\/a><\/li>\n<\/ul>\n\n\n\n<h3 class=\"wp-block-heading\">3. H\u00e9bergeur du site<\/h3>\n\n\n\n<p>Le site est h\u00e9berg\u00e9 par :<\/p>\n\n\n\n<ul class=\"wp-block-list\">\n<li><strong>Nom de l\u2019h\u00e9bergeur<\/strong>&nbsp;:&nbsp;IONOS SARL<\/li>\n\n\n\n<li><strong>Adresse<\/strong>&nbsp;:&nbsp;7, place de la Gare <br>                 BP 70109<br>                 57200 Sarreguemines Cedex<br>                 France<\/li>\n\n\n\n<li><strong>T\u00e9l\u00e9phone<\/strong>&nbsp;:&nbsp;0970 808 911<\/li>\n\n\n\n<li><strong>Site web<\/strong>&nbsp;:&nbsp;<a href=\"ttps:\/\/www.ionos.fr\/\">ttps:\/\/www.ionos.fr\/<\/a><\/li>\n<\/ul>\n\n\n\n<h3 class=\"wp-block-heading\">4. Propri\u00e9t\u00e9 intellectuelle<\/h3>\n\n\n\n<p>L&rsquo;ensemble des contenus (textes, images, graphismes, logo, ic\u00f4nes, etc.) pr\u00e9sents sur ce site sont la propri\u00e9t\u00e9 exclusive de&nbsp;<strong>De Moi \u00e0 Soi<\/strong>, sauf mention contraire.<\/p>\n\n\n\n<p>Toute reproduction, repr\u00e9sentation, modification, publication ou adaptation, totale ou partielle, est interdite sans l&rsquo;accord \u00e9crit pr\u00e9alable de l\u2019\u00e9diteur.<\/p>\n\n\n\n<h3 class=\"wp-block-heading\">5. Responsabilit\u00e9<\/h3>\n\n\n\n<p>L\u2019\u00e9diteur du site met en \u0153uvre tous les moyens pour assurer l&rsquo;exactitude des informations diffus\u00e9es. Toutefois, il ne saurait \u00eatre tenu responsable d\u2019\u00e9ventuelles erreurs, omissions ou d\u2019une indisponibilit\u00e9 du site.<\/p>\n\n\n\n<h3 class=\"wp-block-heading\">6. Donn\u00e9es personnelles<\/h3>\n\n\n\n<p>Les donn\u00e9es personnelles collect\u00e9es via les formulaires du site sont destin\u00e9es exclusivement \u00e0 l\u2019usage de&nbsp;<strong>De Moi \u00e0 Soi<\/strong> pour r\u00e9pondre aux demandes des utilisateurs.<\/p>\n\n\n\n<p>Conform\u00e9ment \u00e0 la&nbsp;<strong>loi Informatique et Libert\u00e9s<\/strong>&nbsp;et au&nbsp;<strong>RGPD<\/strong>, vous disposez d\u2019un droit d&rsquo;acc\u00e8s, de rectification et de suppression de vos donn\u00e9es personnelles.<br>Pour exercer ces droits, vous pouvez nous \u00e9crire \u00e0 :&nbsp;<strong><a><\/a><a>lemaissin@gmail.com<\/a><\/strong><\/p>\n\n\n\n<h3 class=\"wp-block-heading\">7. Cookies<\/h3>\n\n\n\n<p>Le site peut utiliser des cookies pour am\u00e9liorer l\u2019exp\u00e9rience utilisateur. En continuant \u00e0 naviguer, vous acceptez leur utilisation. Vous pouvez g\u00e9rer votre consentement \u00e0 tout moment via notre&nbsp;<a>politique de cookies<\/a>.<\/p>\n","protected":false},"excerpt":{"rendered":"<p>Derni\u00e8re mise \u00e0 jour : 10\/10\/2025 1. \u00c9diteur du site Le pr\u00e9sent site est \u00e9dit\u00e9 par : 2. Directeur de la publication 3. H\u00e9bergeur du site Le site est h\u00e9berg\u00e9 par : 4. Propri\u00e9t\u00e9 intellectuelle L&rsquo;ensemble des contenus (textes, images, graphismes, logo, ic\u00f4nes, etc.) pr\u00e9sents sur ce site sont la propri\u00e9t\u00e9 exclusive de&nbsp;De Moi \u00e0 [&hellip;]<\/p>\n","protected":false},"author":1,"featured_media":0,"parent":0,"menu_order":0,"comment_status":"closed","ping_status":"closed","template":"","meta":{"footnotes":""},"class_list":["post-239","page","type-page","status-publish","hentry"],"yoast_head":"<!-- This site is optimized with the Yoast SEO plugin v26.0 - https:\/\/yoast.com\/wordpress\/plugins\/seo\/ -->\n<title>Mentions l\u00e9gales - De Moi \u00e0 Soi<\/title>\n<meta name=\"robots\" content=\"index, follow, max-snippet:-1, max-image-preview:large, max-video-preview:-1\" \/>\n<link rel=\"canonical\" href=\"https:\/\/demoiasoi.com\/index.php\/mentions-legales\/\" \/>\n<meta property=\"og:locale\" content=\"fr_FR\" \/>\n<meta property=\"og:type\" content=\"article\" \/>\n<meta property=\"og:title\" content=\"Mentions l\u00e9gales - De Moi \u00e0 Soi\" \/>\n<meta property=\"og:description\" content=\"Derni\u00e8re mise \u00e0 jour : 10\/10\/2025 1. \u00c9diteur du site Le pr\u00e9sent site est \u00e9dit\u00e9 par : 2. Directeur de la publication 3. H\u00e9bergeur du site Le site est h\u00e9berg\u00e9 par : 4. Propri\u00e9t\u00e9 intellectuelle L&rsquo;ensemble des contenus (textes, images, graphismes, logo, ic\u00f4nes, etc.) pr\u00e9sents sur ce site sont la propri\u00e9t\u00e9 exclusive de&nbsp;De Moi \u00e0 [&hellip;]\" \/>\n<meta property=\"og:url\" content=\"https:\/\/demoiasoi.com\/index.php\/mentions-legales\/\" \/>\n<meta property=\"og:site_name\" content=\"De Moi \u00e0 Soi\" \/>\n<meta property=\"article:modified_time\" content=\"2025-10-13T14:56:45+00:00\" \/>\n<meta name=\"twitter:card\" content=\"summary_large_image\" \/>\n<meta name=\"twitter:label1\" content=\"Dur\u00e9e de lecture estim\u00e9e\" \/>\n\t<meta name=\"twitter:data1\" content=\"2 minutes\" \/>\n<script type=\"application\/ld+json\" class=\"yoast-schema-graph\">{\"@context\":\"https:\/\/schema.org\",\"@graph\":[{\"@type\":\"WebPage\",\"@id\":\"https:\/\/demoiasoi.com\/index.php\/mentions-legales\/\",\"url\":\"https:\/\/demoiasoi.com\/index.php\/mentions-legales\/\",\"name\":\"Mentions l\u00e9gales - De Moi \u00e0 Soi\",\"isPartOf\":{\"@id\":\"https:\/\/demoiasoi.com\/#website\"},\"datePublished\":\"2025-10-02T17:18:00+00:00\",\"dateModified\":\"2025-10-13T14:56:45+00:00\",\"breadcrumb\":{\"@id\":\"https:\/\/demoiasoi.com\/index.php\/mentions-legales\/#breadcrumb\"},\"inLanguage\":\"fr-FR\",\"potentialAction\":[{\"@type\":\"ReadAction\",\"target\":[\"https:\/\/demoiasoi.com\/index.php\/mentions-legales\/\"]}]},{\"@type\":\"BreadcrumbList\",\"@id\":\"https:\/\/demoiasoi.com\/index.php\/mentions-legales\/#breadcrumb\",\"itemListElement\":[{\"@type\":\"ListItem\",\"position\":1,\"name\":\"Accueil\",\"item\":\"https:\/\/demoiasoi.com\/\"},{\"@type\":\"ListItem\",\"position\":2,\"name\":\"Mentions l\u00e9gales\"}]},{\"@type\":\"WebSite\",\"@id\":\"https:\/\/demoiasoi.com\/#website\",\"url\":\"https:\/\/demoiasoi.com\/\",\"name\":\"De Moi \u00e0 Soi\",\"description\":\"\",\"publisher\":{\"@id\":\"https:\/\/demoiasoi.com\/#organization\"},\"potentialAction\":[{\"@type\":\"SearchAction\",\"target\":{\"@type\":\"EntryPoint\",\"urlTemplate\":\"https:\/\/demoiasoi.com\/?s={search_term_string}\"},\"query-input\":{\"@type\":\"PropertyValueSpecification\",\"valueRequired\":true,\"valueName\":\"search_term_string\"}}],\"inLanguage\":\"fr-FR\"},{\"@type\":\"Organization\",\"@id\":\"https:\/\/demoiasoi.com\/#organization\",\"name\":\"De Moi \u00e0 Soi\",\"url\":\"https:\/\/demoiasoi.com\/\",\"logo\":{\"@type\":\"ImageObject\",\"inLanguage\":\"fr-FR\",\"@id\":\"https:\/\/demoiasoi.com\/#\/schema\/logo\/image\/\",\"url\":\"https:\/\/demoiasoi.com\/wp-content\/uploads\/2025\/09\/Inspi-logoVF.png\",\"contentUrl\":\"https:\/\/demoiasoi.com\/wp-content\/uploads\/2025\/09\/Inspi-logoVF.png\",\"width\":470,\"height\":530,\"caption\":\"De Moi \u00e0 Soi\"},\"image\":{\"@id\":\"https:\/\/demoiasoi.com\/#\/schema\/logo\/image\/\"}}]}<\/script>\n<!-- \/ Yoast SEO plugin. -->","yoast_head_json":{"title":"Mentions l\u00e9gales - De Moi \u00e0 Soi","robots":{"index":"index","follow":"follow","max-snippet":"max-snippet:-1","max-image-preview":"max-image-preview:large","max-video-preview":"max-video-preview:-1"},"canonical":"https:\/\/demoiasoi.com\/index.php\/mentions-legales\/","og_locale":"fr_FR","og_type":"article","og_title":"Mentions l\u00e9gales - De Moi \u00e0 Soi","og_description":"Derni\u00e8re mise \u00e0 jour : 10\/10\/2025 1. \u00c9diteur du site Le pr\u00e9sent site est \u00e9dit\u00e9 par : 2. Directeur de la publication 3. H\u00e9bergeur du site Le site est h\u00e9berg\u00e9 par : 4. Propri\u00e9t\u00e9 intellectuelle L&rsquo;ensemble des contenus (textes, images, graphismes, logo, ic\u00f4nes, etc.) pr\u00e9sents sur ce site sont la propri\u00e9t\u00e9 exclusive de&nbsp;De Moi \u00e0 [&hellip;]","og_url":"https:\/\/demoiasoi.com\/index.php\/mentions-legales\/","og_site_name":"De Moi \u00e0 Soi","article_modified_time":"2025-10-13T14:56:45+00:00","twitter_card":"summary_large_image","twitter_misc":{"Dur\u00e9e de lecture estim\u00e9e":"2 minutes"},"schema":{"@context":"https:\/\/schema.org","@graph":[{"@type":"WebPage","@id":"https:\/\/demoiasoi.com\/index.php\/mentions-legales\/","url":"https:\/\/demoiasoi.com\/index.php\/mentions-legales\/","name":"Mentions l\u00e9gales - De Moi \u00e0 Soi","isPartOf":{"@id":"https:\/\/demoiasoi.com\/#website"},"datePublished":"2025-10-02T17:18:00+00:00","dateModified":"2025-10-13T14:56:45+00:00","breadcrumb":{"@id":"https:\/\/demoiasoi.com\/index.php\/mentions-legales\/#breadcrumb"},"inLanguage":"fr-FR","potentialAction":[{"@type":"ReadAction","target":["https:\/\/demoiasoi.com\/index.php\/mentions-legales\/"]}]},{"@type":"BreadcrumbList","@id":"https:\/\/demoiasoi.com\/index.php\/mentions-legales\/#breadcrumb","itemListElement":[{"@type":"ListItem","position":1,"name":"Accueil","item":"https:\/\/demoiasoi.com\/"},{"@type":"ListItem","position":2,"name":"Mentions l\u00e9gales"}]},{"@type":"WebSite","@id":"https:\/\/demoiasoi.com\/#website","url":"https:\/\/demoiasoi.com\/","name":"De Moi \u00e0 Soi","description":"","publisher":{"@id":"https:\/\/demoiasoi.com\/#organization"},"potentialAction":[{"@type":"SearchAction","target":{"@type":"EntryPoint","urlTemplate":"https:\/\/demoiasoi.com\/?s={search_term_string}"},"query-input":{"@type":"PropertyValueSpecification","valueRequired":true,"valueName":"search_term_string"}}],"inLanguage":"fr-FR"},{"@type":"Organization","@id":"https:\/\/demoiasoi.com\/#organization","name":"De Moi \u00e0 Soi","url":"https:\/\/demoiasoi.com\/","logo":{"@type":"ImageObject","inLanguage":"fr-FR","@id":"https:\/\/demoiasoi.com\/#\/schema\/logo\/image\/","url":"https:\/\/demoiasoi.com\/wp-content\/uploads\/2025\/09\/Inspi-logoVF.png","contentUrl":"https:\/\/demoiasoi.com\/wp-content\/uploads\/2025\/09\/Inspi-logoVF.png","width":470,"height":530,"caption":"De Moi \u00e0 Soi"},"image":{"@id":"https:\/\/demoiasoi.com\/#\/schema\/logo\/image\/"}}]}},"_links":{"self":[{"href":"https:\/\/demoiasoi.com\/index.php\/wp-json\/wp\/v2\/pages\/239","targetHints":{"allow":["GET"]}}],"collection":[{"href":"https:\/\/demoiasoi.com\/index.php\/wp-json\/wp\/v2\/pages"}],"about":[{"href":"https:\/\/demoiasoi.com\/index.php\/wp-json\/wp\/v2\/types\/page"}],"author":[{"embeddable":true,"href":"https:\/\/demoiasoi.com\/index.php\/wp-json\/wp\/v2\/users\/1"}],"replies":[{"embeddable":true,"href":"https:\/\/demoiasoi.com\/index.php\/wp-json\/wp\/v2\/comments?post=239"}],"version-history":[{"count":3,"href":"https:\/\/demoiasoi.com\/index.php\/wp-json\/wp\/v2\/pages\/239\/revisions"}],"predecessor-version":[{"id":294,"href":"https:\/\/demoiasoi.com\/index.php\/wp-json\/wp\/v2\/pages\/239\/revisions\/294"}],"wp:attachment":[{"href":"https:\/\/demoiasoi.com\/index.php\/wp-json\/wp\/v2\/media?parent=239"}],"curies":[{"name":"wp","href":"https:\/\/api.w.org\/{rel}","templated":true}]}}