{"id":118,"date":"2025-10-02T11:37:25","date_gmt":"2025-10-02T09:37:25","guid":{"rendered":"https:\/\/demoiasoi.com\/?page_id=118"},"modified":"2025-10-13T16:24:17","modified_gmt":"2025-10-13T14:24:17","slug":"douleurs-et-pathologies","status":"publish","type":"page","link":"https:\/\/demoiasoi.com\/index.php\/douleurs-et-pathologies\/","title":{"rendered":"Douleurs et pathologies"},"content":{"rendered":"\n<div class=\"wp-block-cover alignfull has-custom-content-position is-position-top-center has-aspect-ratio\" style=\"margin-top:0;margin-bottom:0;padding-top:0px;padding-right:2.6px;padding-bottom:0px;padding-left:2.6px;min-height:775px;aspect-ratio:auto;min-height:unset;\"><img fetchpriority=\"high\" decoding=\"async\" width=\"1024\" height=\"594\" class=\"wp-block-cover__image-background wp-image-296 size-large\" alt=\"Douleurs et pathologies\" src=\"https:\/\/demoiasoi.com\/wp-content\/uploads\/2025\/10\/Douleurs-et-pathologies-1024x594.jpg\" style=\"object-position:56% 74%\" data-object-fit=\"cover\" data-object-position=\"56% 74%\" srcset=\"https:\/\/demoiasoi.com\/wp-content\/uploads\/2025\/10\/Douleurs-et-pathologies-1024x594.jpg 1024w, https:\/\/demoiasoi.com\/wp-content\/uploads\/2025\/10\/Douleurs-et-pathologies-300x174.jpg 300w, https:\/\/demoiasoi.com\/wp-content\/uploads\/2025\/10\/Douleurs-et-pathologies-768x445.jpg 768w, https:\/\/demoiasoi.com\/wp-content\/uploads\/2025\/10\/Douleurs-et-pathologies-1536x891.jpg 1536w, https:\/\/demoiasoi.com\/wp-content\/uploads\/2025\/10\/Douleurs-et-pathologies-2048x1188.jpg 2048w\" sizes=\"(max-width: 1024px) 100vw, 1024px\" \/><span aria-hidden=\"true\" class=\"wp-block-cover__background has-black-background-color has-background-dim\"><\/span><div class=\"wp-block-cover__inner-container has-global-padding is-layout-constrained wp-container-core-cover-is-layout-f33190fd wp-block-cover-is-layout-constrained\">\n<div style=\"height:100px\" aria-hidden=\"true\" class=\"wp-block-spacer\"><\/div>\n\n\n\n<h1 class=\"wp-block-heading\">Douleurs et pathologies<\/h1>\n\n\n\n<div style=\"height:100px\" aria-hidden=\"true\" class=\"wp-block-spacer\"><\/div>\n<\/div><\/div>\n\n\n\n<div class=\"wp-block-group alignfull has-background-background-color has-background has-global-padding is-layout-constrained wp-block-group-is-layout-constrained\" style=\"margin-top:0px;margin-bottom:0px;padding-top:var(--wp--preset--spacing--xx-large);padding-bottom:var(--wp--preset--spacing--xx-large)\">\n<div class=\"wp-block-group alignwide is-layout-flow wp-block-group-is-layout-flow\">\n<div class=\"wp-block-columns is-layout-flex wp-container-core-columns-is-layout-28f84493 wp-block-columns-is-layout-flex\">\n<div class=\"wp-block-column is-layout-flow wp-block-column-is-layout-flow\">\n<p class=\"has-primary-color has-text-color has-base-font-size\">Le soin \u00ab\u00a0Douleurs et pathologies\u00a0\u00bb<\/p>\n\n\n\n<h2 class=\"wp-block-heading has-x-large-font-size\" style=\"margin-top:0.25rem\">Qu&rsquo;est-ce que c&rsquo;est \u00ab\u00a0Douleurs et pathologies\u00a0\u00bb ?<\/h2>\n\n\n\n<p>Le corps physique, loin d\u2019\u00eatre une entit\u00e9 isol\u00e9e, est une caisse de r\u00e9sonnance de notre histoire et de celle de notre lign\u00e9e. Le travail avec le soin \u00ab\u00a0Douleurs et pathologies\u00a0\u00bb consiste \u00e0 comprendre le langage du corps, lib\u00e9rer les m\u00e9moires et se lib\u00e9rer des maux physiques qui les accompagnent. Le corps retrouve<br>son \u00e9quilibre naturel et sa capacit\u00e9 d\u2019auto-gu\u00e9rison.<\/p>\n<\/div>\n\n\n\n<div class=\"wp-block-column is-layout-flow wp-block-column-is-layout-flow\">\n<h3 class=\"wp-block-heading\">Domaines d&rsquo;intervention<\/h3>\n\n\n\n<ul class=\"wp-block-list\">\n<li>Probl\u00e9matiques osseuses, articulaires, musculaires et tendineuses<\/li>\n\n\n\n<li>Troubles circulatoires, nerveux<\/li>\n\n\n\n<li>ORL, Acouph\u00e8ne, Probl\u00e8mes oculaires<\/li>\n\n\n\n<li>Troubles digestifs<\/li>\n\n\n\n<li>Dyslexie, Dysphasie, Dyspraxie<\/li>\n\n\n\n<li>Fibromyalgie, Scl\u00e9rose, Cancer &amp; Chimio, Maladies Auto-immunes<\/li>\n\n\n\n<li>Ecz\u00e9ma, Zona, Psoriasis, br\u00fblures<\/li>\n\n\n\n<li>Fatigue intense et g\u00e9n\u00e9ralis\u00e9e<\/li>\n<\/ul>\n\n\n\n<p class=\"has-quinary-color has-text-color has-link-color has-small-font-size wp-elements-291d7fee1f76c9e9a21cd2c6cc82763e\"><em>Cette technique \u00e9nerg\u00e9tique ne comporte&nbsp;aucune manipulation structurelle et n\u2019est pas une s\u00e9ance d\u2019ost\u00e9opathie telle que d\u00e9finie par le d\u00e9cret du 25 mars 2007. &nbsp;\u2028 Elle accompagne le travail de la m\u00e9decine conventionnelle sans jamais s\u2019y substituer. Il ne sera jamais demand\u00e9 au patient d\u2019agir sur ses traitements m\u00e9dicaux actuels et \u00e0 venir.&nbsp;<\/em><\/p>\n<\/div>\n<\/div>\n<\/div>\n<\/div>\n\n\n\n<div class=\"wp-block-group alignfull has-tertiary-background-color has-background has-global-padding is-layout-constrained wp-block-group-is-layout-constrained\" style=\"margin-top:0px;margin-bottom:0px;padding-top:var(--wp--preset--spacing--xx-large);padding-bottom:var(--wp--preset--spacing--xx-large)\">\n<div class=\"wp-block-group alignwide is-layout-flow wp-container-core-group-is-layout-d6743c7d wp-block-group-is-layout-flow\">\n<h2 class=\"wp-block-heading has-text-align-center has-x-large-font-size\">Contact<\/h2>\n\n\n\n<div class=\"wp-block-columns is-layout-flex wp-container-core-columns-is-layout-28f84493 wp-block-columns-is-layout-flex\">\n<div class=\"wp-block-column is-layout-flow wp-block-column-is-layout-flow\"><\/div>\n\n\n\n<div class=\"wp-block-column is-layout-flow wp-block-column-is-layout-flow\" style=\"flex-basis:720px\">\n<p class=\"has-text-align-center\" style=\"margin-top:var(--wp--preset--spacing--small)\">Parce que les soins ost\u00e9ofluidiques sont avant tout une aventure humaine, je reste \u00e0 votre disposition pour vous guider dans cette d\u00e9marche, Du Moi \u00e0 Soi.<\/p>\n\n\n\n<div class=\"wp-block-buttons is-content-justification-center is-layout-flex wp-container-core-buttons-is-layout-2af897fb wp-block-buttons-is-layout-flex\" style=\"margin-top:var(--wp--preset--spacing--medium)\">\n<div class=\"wp-block-button is-style-outline is-style-outline--1\"><a class=\"wp-block-button__link wp-element-button\" href=\"https:\/\/demoiasoi.com\/index.php\/contact\/\">Contact \u2192<\/a><\/div>\n<\/div>\n<\/div>\n\n\n\n<div class=\"wp-block-column is-layout-flow wp-block-column-is-layout-flow\"><\/div>\n<\/div>\n<\/div>\n<\/div>\n","protected":false},"excerpt":{"rendered":"<p>Le soin \u00ab\u00a0Douleurs et pathologies\u00a0\u00bb Qu&rsquo;est-ce que c&rsquo;est \u00ab\u00a0Douleurs et pathologies\u00a0\u00bb ? Le corps physique, loin d\u2019\u00eatre une entit\u00e9 isol\u00e9e, est une caisse de r\u00e9sonnance de notre histoire et de celle de notre lign\u00e9e. Le travail avec le soin \u00ab\u00a0Douleurs et pathologies\u00a0\u00bb consiste \u00e0 comprendre le langage du corps, lib\u00e9rer les m\u00e9moires et se lib\u00e9rer [&hellip;]<\/p>\n","protected":false},"author":1,"featured_media":31,"parent":0,"menu_order":0,"comment_status":"closed","ping_status":"closed","template":"no-title-space","meta":{"footnotes":""},"class_list":["post-118","page","type-page","status-publish","has-post-thumbnail","hentry"],"yoast_head":"<!-- This site is optimized with the Yoast SEO plugin v26.0 - https:\/\/yoast.com\/wordpress\/plugins\/seo\/ -->\n<title>Douleurs et pathologies - De Moi \u00e0 Soi<\/title>\n<meta name=\"description\" content=\"Le soin &quot;Douleurs et pathologies&quot; consiste \u00e0 comprendre le langage du corps, lib\u00e9rer les m\u00e9moires et se lib\u00e9rer des maux physiques..\" \/>\n<meta name=\"robots\" content=\"index, follow, max-snippet:-1, max-image-preview:large, max-video-preview:-1\" \/>\n<link rel=\"canonical\" href=\"https:\/\/demoiasoi.com\/index.php\/douleurs-et-pathologies\/\" \/>\n<meta property=\"og:locale\" content=\"fr_FR\" \/>\n<meta property=\"og:type\" content=\"article\" \/>\n<meta property=\"og:title\" content=\"Douleurs et pathologies - De Moi \u00e0 Soi\" \/>\n<meta property=\"og:description\" content=\"Le soin &quot;Douleurs et pathologies&quot; consiste \u00e0 comprendre le langage du corps, lib\u00e9rer les m\u00e9moires et se lib\u00e9rer des maux physiques..\" \/>\n<meta property=\"og:url\" content=\"https:\/\/demoiasoi.com\/index.php\/douleurs-et-pathologies\/\" \/>\n<meta property=\"og:site_name\" content=\"De Moi \u00e0 Soi\" \/>\n<meta property=\"article:modified_time\" content=\"2025-10-13T14:24:17+00:00\" \/>\n<meta property=\"og:image\" content=\"https:\/\/demoiasoi.com\/wp-content\/uploads\/2025\/09\/pexels-cottonbro-9667516-scaled.jpg\" \/>\n\t<meta property=\"og:image:width\" content=\"2560\" \/>\n\t<meta property=\"og:image:height\" content=\"1706\" \/>\n\t<meta property=\"og:image:type\" content=\"image\/jpeg\" \/>\n<meta name=\"twitter:card\" content=\"summary_large_image\" \/>\n<meta name=\"twitter:label1\" content=\"Dur\u00e9e de lecture estim\u00e9e\" \/>\n\t<meta name=\"twitter:data1\" content=\"2 minutes\" \/>\n<script type=\"application\/ld+json\" class=\"yoast-schema-graph\">{\"@context\":\"https:\/\/schema.org\",\"@graph\":[{\"@type\":\"WebPage\",\"@id\":\"https:\/\/demoiasoi.com\/index.php\/douleurs-et-pathologies\/\",\"url\":\"https:\/\/demoiasoi.com\/index.php\/douleurs-et-pathologies\/\",\"name\":\"Douleurs et pathologies - De Moi \u00e0 Soi\",\"isPartOf\":{\"@id\":\"https:\/\/demoiasoi.com\/#website\"},\"primaryImageOfPage\":{\"@id\":\"https:\/\/demoiasoi.com\/index.php\/douleurs-et-pathologies\/#primaryimage\"},\"image\":{\"@id\":\"https:\/\/demoiasoi.com\/index.php\/douleurs-et-pathologies\/#primaryimage\"},\"thumbnailUrl\":\"https:\/\/demoiasoi.com\/wp-content\/uploads\/2025\/09\/pexels-cottonbro-9667516-scaled.jpg\",\"datePublished\":\"2025-10-02T09:37:25+00:00\",\"dateModified\":\"2025-10-13T14:24:17+00:00\",\"description\":\"Le soin \\\"Douleurs et pathologies\\\" consiste \u00e0 comprendre le langage du corps, lib\u00e9rer les m\u00e9moires et se lib\u00e9rer des maux physiques..\",\"breadcrumb\":{\"@id\":\"https:\/\/demoiasoi.com\/index.php\/douleurs-et-pathologies\/#breadcrumb\"},\"inLanguage\":\"fr-FR\",\"potentialAction\":[{\"@type\":\"ReadAction\",\"target\":[\"https:\/\/demoiasoi.com\/index.php\/douleurs-et-pathologies\/\"]}]},{\"@type\":\"ImageObject\",\"inLanguage\":\"fr-FR\",\"@id\":\"https:\/\/demoiasoi.com\/index.php\/douleurs-et-pathologies\/#primaryimage\",\"url\":\"https:\/\/demoiasoi.com\/wp-content\/uploads\/2025\/09\/pexels-cottonbro-9667516-scaled.jpg\",\"contentUrl\":\"https:\/\/demoiasoi.com\/wp-content\/uploads\/2025\/09\/pexels-cottonbro-9667516-scaled.jpg\",\"width\":2560,\"height\":1706},{\"@type\":\"BreadcrumbList\",\"@id\":\"https:\/\/demoiasoi.com\/index.php\/douleurs-et-pathologies\/#breadcrumb\",\"itemListElement\":[{\"@type\":\"ListItem\",\"position\":1,\"name\":\"Accueil\",\"item\":\"https:\/\/demoiasoi.com\/\"},{\"@type\":\"ListItem\",\"position\":2,\"name\":\"Douleurs et pathologies\"}]},{\"@type\":\"WebSite\",\"@id\":\"https:\/\/demoiasoi.com\/#website\",\"url\":\"https:\/\/demoiasoi.com\/\",\"name\":\"De Moi \u00e0 Soi\",\"description\":\"\",\"publisher\":{\"@id\":\"https:\/\/demoiasoi.com\/#organization\"},\"potentialAction\":[{\"@type\":\"SearchAction\",\"target\":{\"@type\":\"EntryPoint\",\"urlTemplate\":\"https:\/\/demoiasoi.com\/?s={search_term_string}\"},\"query-input\":{\"@type\":\"PropertyValueSpecification\",\"valueRequired\":true,\"valueName\":\"search_term_string\"}}],\"inLanguage\":\"fr-FR\"},{\"@type\":\"Organization\",\"@id\":\"https:\/\/demoiasoi.com\/#organization\",\"name\":\"De Moi \u00e0 Soi\",\"url\":\"https:\/\/demoiasoi.com\/\",\"logo\":{\"@type\":\"ImageObject\",\"inLanguage\":\"fr-FR\",\"@id\":\"https:\/\/demoiasoi.com\/#\/schema\/logo\/image\/\",\"url\":\"https:\/\/demoiasoi.com\/wp-content\/uploads\/2025\/09\/Inspi-logoVF.png\",\"contentUrl\":\"https:\/\/demoiasoi.com\/wp-content\/uploads\/2025\/09\/Inspi-logoVF.png\",\"width\":470,\"height\":530,\"caption\":\"De Moi \u00e0 Soi\"},\"image\":{\"@id\":\"https:\/\/demoiasoi.com\/#\/schema\/logo\/image\/\"}}]}<\/script>\n<!-- \/ Yoast SEO plugin. -->","yoast_head_json":{"title":"Douleurs et pathologies - De Moi \u00e0 Soi","description":"Le soin \"Douleurs et pathologies\" consiste \u00e0 comprendre le langage du corps, lib\u00e9rer les m\u00e9moires et se lib\u00e9rer des maux physiques..","robots":{"index":"index","follow":"follow","max-snippet":"max-snippet:-1","max-image-preview":"max-image-preview:large","max-video-preview":"max-video-preview:-1"},"canonical":"https:\/\/demoiasoi.com\/index.php\/douleurs-et-pathologies\/","og_locale":"fr_FR","og_type":"article","og_title":"Douleurs et pathologies - De Moi \u00e0 Soi","og_description":"Le soin \"Douleurs et pathologies\" consiste \u00e0 comprendre le langage du corps, lib\u00e9rer les m\u00e9moires et se lib\u00e9rer des maux physiques..","og_url":"https:\/\/demoiasoi.com\/index.php\/douleurs-et-pathologies\/","og_site_name":"De Moi \u00e0 Soi","article_modified_time":"2025-10-13T14:24:17+00:00","og_image":[{"width":2560,"height":1706,"url":"https:\/\/demoiasoi.com\/wp-content\/uploads\/2025\/09\/pexels-cottonbro-9667516-scaled.jpg","type":"image\/jpeg"}],"twitter_card":"summary_large_image","twitter_misc":{"Dur\u00e9e de lecture estim\u00e9e":"2 minutes"},"schema":{"@context":"https:\/\/schema.org","@graph":[{"@type":"WebPage","@id":"https:\/\/demoiasoi.com\/index.php\/douleurs-et-pathologies\/","url":"https:\/\/demoiasoi.com\/index.php\/douleurs-et-pathologies\/","name":"Douleurs et pathologies - De Moi \u00e0 Soi","isPartOf":{"@id":"https:\/\/demoiasoi.com\/#website"},"primaryImageOfPage":{"@id":"https:\/\/demoiasoi.com\/index.php\/douleurs-et-pathologies\/#primaryimage"},"image":{"@id":"https:\/\/demoiasoi.com\/index.php\/douleurs-et-pathologies\/#primaryimage"},"thumbnailUrl":"https:\/\/demoiasoi.com\/wp-content\/uploads\/2025\/09\/pexels-cottonbro-9667516-scaled.jpg","datePublished":"2025-10-02T09:37:25+00:00","dateModified":"2025-10-13T14:24:17+00:00","description":"Le soin \"Douleurs et pathologies\" consiste \u00e0 comprendre le langage du corps, lib\u00e9rer les m\u00e9moires et se lib\u00e9rer des maux physiques..","breadcrumb":{"@id":"https:\/\/demoiasoi.com\/index.php\/douleurs-et-pathologies\/#breadcrumb"},"inLanguage":"fr-FR","potentialAction":[{"@type":"ReadAction","target":["https:\/\/demoiasoi.com\/index.php\/douleurs-et-pathologies\/"]}]},{"@type":"ImageObject","inLanguage":"fr-FR","@id":"https:\/\/demoiasoi.com\/index.php\/douleurs-et-pathologies\/#primaryimage","url":"https:\/\/demoiasoi.com\/wp-content\/uploads\/2025\/09\/pexels-cottonbro-9667516-scaled.jpg","contentUrl":"https:\/\/demoiasoi.com\/wp-content\/uploads\/2025\/09\/pexels-cottonbro-9667516-scaled.jpg","width":2560,"height":1706},{"@type":"BreadcrumbList","@id":"https:\/\/demoiasoi.com\/index.php\/douleurs-et-pathologies\/#breadcrumb","itemListElement":[{"@type":"ListItem","position":1,"name":"Accueil","item":"https:\/\/demoiasoi.com\/"},{"@type":"ListItem","position":2,"name":"Douleurs et pathologies"}]},{"@type":"WebSite","@id":"https:\/\/demoiasoi.com\/#website","url":"https:\/\/demoiasoi.com\/","name":"De Moi \u00e0 Soi","description":"","publisher":{"@id":"https:\/\/demoiasoi.com\/#organization"},"potentialAction":[{"@type":"SearchAction","target":{"@type":"EntryPoint","urlTemplate":"https:\/\/demoiasoi.com\/?s={search_term_string}"},"query-input":{"@type":"PropertyValueSpecification","valueRequired":true,"valueName":"search_term_string"}}],"inLanguage":"fr-FR"},{"@type":"Organization","@id":"https:\/\/demoiasoi.com\/#organization","name":"De Moi \u00e0 Soi","url":"https:\/\/demoiasoi.com\/","logo":{"@type":"ImageObject","inLanguage":"fr-FR","@id":"https:\/\/demoiasoi.com\/#\/schema\/logo\/image\/","url":"https:\/\/demoiasoi.com\/wp-content\/uploads\/2025\/09\/Inspi-logoVF.png","contentUrl":"https:\/\/demoiasoi.com\/wp-content\/uploads\/2025\/09\/Inspi-logoVF.png","width":470,"height":530,"caption":"De Moi \u00e0 Soi"},"image":{"@id":"https:\/\/demoiasoi.com\/#\/schema\/logo\/image\/"}}]}},"_links":{"self":[{"href":"https:\/\/demoiasoi.com\/index.php\/wp-json\/wp\/v2\/pages\/118","targetHints":{"allow":["GET"]}}],"collection":[{"href":"https:\/\/demoiasoi.com\/index.php\/wp-json\/wp\/v2\/pages"}],"about":[{"href":"https:\/\/demoiasoi.com\/index.php\/wp-json\/wp\/v2\/types\/page"}],"author":[{"embeddable":true,"href":"https:\/\/demoiasoi.com\/index.php\/wp-json\/wp\/v2\/users\/1"}],"replies":[{"embeddable":true,"href":"https:\/\/demoiasoi.com\/index.php\/wp-json\/wp\/v2\/comments?post=118"}],"version-history":[{"count":40,"href":"https:\/\/demoiasoi.com\/index.php\/wp-json\/wp\/v2\/pages\/118\/revisions"}],"predecessor-version":[{"id":287,"href":"https:\/\/demoiasoi.com\/index.php\/wp-json\/wp\/v2\/pages\/118\/revisions\/287"}],"wp:featuredmedia":[{"embeddable":true,"href":"https:\/\/demoiasoi.com\/index.php\/wp-json\/wp\/v2\/media\/31"}],"wp:attachment":[{"href":"https:\/\/demoiasoi.com\/index.php\/wp-json\/wp\/v2\/media?parent=118"}],"curies":[{"name":"wp","href":"https:\/\/api.w.org\/{rel}","templated":true}]}}